{"id":768,"date":"2018-10-16T17:02:01","date_gmt":"2018-10-16T15:02:01","guid":{"rendered":"https:\/\/tiger-platform.eu\/moustique-tigre\/verbreitung\/"},"modified":"2020-12-01T10:51:48","modified_gmt":"2020-12-01T09:51:48","slug":"distribution","status":"publish","type":"page","link":"https:\/\/tiger-platform.eu\/fr\/moustique-tigre\/distribution\/","title":{"rendered":"Distribution"},"content":{"rendered":"","protected":false},"excerpt":{"rendered":"<p>Origine \u00c0 l&#8217;origine, le moustique tigre provient de l&#8217;Asie du Sud-Est [1] et se trouve dans des pays comme Singapour [2] ou la Tha\u00eflande [3] depuis des d\u00e9cennies. Le principal mode d&#8217;expansion du moustique tigre se fait au moyen d&#8217;une dispersion passive par l&#8217;homme. Aedes albopictus lui-m\u00eame a peu tendance \u00e0 se disperser lorsqu&#8217;un habitat appropri\u00e9 est disponible et vole rarement plus de 100 m\u00e8tres en une journ\u00e9e [4]. \u00c9changes &#8230;<\/p>\n","protected":false},"author":1,"featured_media":0,"parent":754,"menu_order":0,"comment_status":"closed","ping_status":"closed","template":"page-contentblocks.php","meta":[],"yoast_head":"<!-- This site is optimized with the Yoast SEO plugin v15.4 - https:\/\/yoast.com\/wordpress\/plugins\/seo\/ -->\n<title>Distribution - TIGER<\/title>\n<meta name=\"robots\" content=\"index, follow, max-snippet:-1, max-image-preview:large, max-video-preview:-1\" \/>\n<link rel=\"canonical\" href=\"https:\/\/tiger-platform.eu\/fr\/moustique-tigre\/distribution\/\" \/>\n<meta property=\"og:locale\" content=\"fr_FR\" \/>\n<meta property=\"og:type\" content=\"article\" \/>\n<meta property=\"og:title\" content=\"Distribution - TIGER\" \/>\n<meta property=\"og:description\" content=\"Origine \u00c0 l&#8217;origine, le moustique tigre provient de l&#8217;Asie du Sud-Est [1] et se trouve dans des pays comme Singapour [2] ou la Tha\u00eflande [3] depuis des d\u00e9cennies. Le principal mode d&#8217;expansion du moustique tigre se fait au moyen d&#8217;une dispersion passive par l&#8217;homme. Aedes albopictus lui-m\u00eame a peu tendance \u00e0 se disperser lorsqu&#8217;un habitat appropri\u00e9 est disponible et vole rarement plus de 100 m\u00e8tres en une journ\u00e9e [4]. \u00c9changes ...\" \/>\n<meta property=\"og:url\" content=\"https:\/\/tiger-platform.eu\/fr\/moustique-tigre\/distribution\/\" \/>\n<meta property=\"og:site_name\" content=\"TIGER\" \/>\n<meta property=\"article:modified_time\" content=\"2020-12-01T09:51:48+00:00\" \/>\n<meta name=\"twitter:card\" content=\"summary_large_image\" \/>\n<meta name=\"twitter:label1\" content=\"Written by\">\n\t<meta name=\"twitter:data1\" content=\"tiger_admin\">\n<script type=\"application\/ld+json\" class=\"yoast-schema-graph\">{\"@context\":\"https:\/\/schema.org\",\"@graph\":[{\"@type\":\"WebSite\",\"@id\":\"https:\/\/tiger-platform.eu\/#website\",\"url\":\"https:\/\/tiger-platform.eu\/\",\"name\":\"TIGER\",\"description\":\"une plateforme d'information sur le moustique tigre dans la r\\u00e9gion du Rhin Sup\\u00e9rieur\",\"potentialAction\":[{\"@type\":\"SearchAction\",\"target\":\"https:\/\/tiger-platform.eu\/?s={search_term_string}\",\"query-input\":\"required name=search_term_string\"}],\"inLanguage\":\"fr-FR\"},{\"@type\":\"WebPage\",\"@id\":\"https:\/\/tiger-platform.eu\/fr\/moustique-tigre\/distribution\/#webpage\",\"url\":\"https:\/\/tiger-platform.eu\/fr\/moustique-tigre\/distribution\/\",\"name\":\"Distribution - TIGER\",\"isPartOf\":{\"@id\":\"https:\/\/tiger-platform.eu\/#website\"},\"datePublished\":\"2018-10-16T15:02:01+00:00\",\"dateModified\":\"2020-12-01T09:51:48+00:00\",\"inLanguage\":\"fr-FR\",\"potentialAction\":[{\"@type\":\"ReadAction\",\"target\":[\"https:\/\/tiger-platform.eu\/fr\/moustique-tigre\/distribution\/\"]}]}]}<\/script>\n<!-- \/ Yoast SEO plugin. -->","_links":{"self":[{"href":"https:\/\/tiger-platform.eu\/fr\/wp-json\/wp\/v2\/pages\/768"}],"collection":[{"href":"https:\/\/tiger-platform.eu\/fr\/wp-json\/wp\/v2\/pages"}],"about":[{"href":"https:\/\/tiger-platform.eu\/fr\/wp-json\/wp\/v2\/types\/page"}],"author":[{"embeddable":true,"href":"https:\/\/tiger-platform.eu\/fr\/wp-json\/wp\/v2\/users\/1"}],"replies":[{"embeddable":true,"href":"https:\/\/tiger-platform.eu\/fr\/wp-json\/wp\/v2\/comments?post=768"}],"version-history":[{"count":13,"href":"https:\/\/tiger-platform.eu\/fr\/wp-json\/wp\/v2\/pages\/768\/revisions"}],"predecessor-version":[{"id":3402,"href":"https:\/\/tiger-platform.eu\/fr\/wp-json\/wp\/v2\/pages\/768\/revisions\/3402"}],"up":[{"embeddable":true,"href":"https:\/\/tiger-platform.eu\/fr\/wp-json\/wp\/v2\/pages\/754"}],"wp:attachment":[{"href":"https:\/\/tiger-platform.eu\/fr\/wp-json\/wp\/v2\/media?parent=768"}],"curies":[{"name":"wp","href":"https:\/\/api.w.org\/{rel}","templated":true}]}}