{"id":766,"date":"2018-09-25T16:28:49","date_gmt":"2018-09-25T14:28:49","guid":{"rendered":"https:\/\/tiger-platform.eu\/moustique-tigre\/risiko\/"},"modified":"2018-10-29T16:23:38","modified_gmt":"2018-10-29T15:23:38","slug":"risque","status":"publish","type":"page","link":"https:\/\/tiger-platform.eu\/fr\/moustique-tigre\/risque\/","title":{"rendered":"Risque"},"content":{"rendered":"","protected":false},"excerpt":{"rendered":"<p>Qualit\u00e9 de vie Le moustique tigre peut rapidement \u00eatre per\u00e7u comme une nuisance. En effet, il pr\u00e9sente un comportement de piq\u00fbre certes constant tout au long de la journ\u00e9e mais particuli\u00e8rement \u00e9lev\u00e9 l&#8217;apr\u00e8s-midi et le soir [1]. De plus, ce moustique montre un comportement agressif persistant pour obtenir un repas de sang. Auquel cas, si de nombreuses femelles se retrouvent simultan\u00e9ment \u00e0 proximit\u00e9 d&#8217;un site de reproduction favorable dans votre &#8230;<\/p>\n","protected":false},"author":1,"featured_media":0,"parent":754,"menu_order":0,"comment_status":"closed","ping_status":"closed","template":"page-contentblocks.php","meta":[],"yoast_head":"<!-- This site is optimized with the Yoast SEO plugin v15.4 - https:\/\/yoast.com\/wordpress\/plugins\/seo\/ -->\n<title>Risque - TIGER<\/title>\n<meta name=\"robots\" content=\"index, follow, max-snippet:-1, max-image-preview:large, max-video-preview:-1\" \/>\n<link rel=\"canonical\" href=\"https:\/\/tiger-platform.eu\/fr\/moustique-tigre\/risque\/\" \/>\n<meta property=\"og:locale\" content=\"fr_FR\" \/>\n<meta property=\"og:type\" content=\"article\" \/>\n<meta property=\"og:title\" content=\"Risque - TIGER\" \/>\n<meta property=\"og:description\" content=\"Qualit\u00e9 de vie Le moustique tigre peut rapidement \u00eatre per\u00e7u comme une nuisance. En effet, il pr\u00e9sente un comportement de piq\u00fbre certes constant tout au long de la journ\u00e9e mais particuli\u00e8rement \u00e9lev\u00e9 l&#8217;apr\u00e8s-midi et le soir [1]. De plus, ce moustique montre un comportement agressif persistant pour obtenir un repas de sang. Auquel cas, si de nombreuses femelles se retrouvent simultan\u00e9ment \u00e0 proximit\u00e9 d&#8217;un site de reproduction favorable dans votre ...\" \/>\n<meta property=\"og:url\" content=\"https:\/\/tiger-platform.eu\/fr\/moustique-tigre\/risque\/\" \/>\n<meta property=\"og:site_name\" content=\"TIGER\" \/>\n<meta property=\"article:modified_time\" content=\"2018-10-29T15:23:38+00:00\" \/>\n<meta name=\"twitter:card\" content=\"summary_large_image\" \/>\n<meta name=\"twitter:label1\" content=\"Written by\">\n\t<meta name=\"twitter:data1\" content=\"tiger_admin\">\n<script type=\"application\/ld+json\" class=\"yoast-schema-graph\">{\"@context\":\"https:\/\/schema.org\",\"@graph\":[{\"@type\":\"WebSite\",\"@id\":\"https:\/\/tiger-platform.eu\/#website\",\"url\":\"https:\/\/tiger-platform.eu\/\",\"name\":\"TIGER\",\"description\":\"une plateforme d'information sur le moustique tigre dans la r\\u00e9gion du Rhin Sup\\u00e9rieur\",\"potentialAction\":[{\"@type\":\"SearchAction\",\"target\":\"https:\/\/tiger-platform.eu\/?s={search_term_string}\",\"query-input\":\"required name=search_term_string\"}],\"inLanguage\":\"fr-FR\"},{\"@type\":\"WebPage\",\"@id\":\"https:\/\/tiger-platform.eu\/fr\/moustique-tigre\/risque\/#webpage\",\"url\":\"https:\/\/tiger-platform.eu\/fr\/moustique-tigre\/risque\/\",\"name\":\"Risque - TIGER\",\"isPartOf\":{\"@id\":\"https:\/\/tiger-platform.eu\/#website\"},\"datePublished\":\"2018-09-25T14:28:49+00:00\",\"dateModified\":\"2018-10-29T15:23:38+00:00\",\"inLanguage\":\"fr-FR\",\"potentialAction\":[{\"@type\":\"ReadAction\",\"target\":[\"https:\/\/tiger-platform.eu\/fr\/moustique-tigre\/risque\/\"]}]}]}<\/script>\n<!-- \/ Yoast SEO plugin. -->","_links":{"self":[{"href":"https:\/\/tiger-platform.eu\/fr\/wp-json\/wp\/v2\/pages\/766"}],"collection":[{"href":"https:\/\/tiger-platform.eu\/fr\/wp-json\/wp\/v2\/pages"}],"about":[{"href":"https:\/\/tiger-platform.eu\/fr\/wp-json\/wp\/v2\/types\/page"}],"author":[{"embeddable":true,"href":"https:\/\/tiger-platform.eu\/fr\/wp-json\/wp\/v2\/users\/1"}],"replies":[{"embeddable":true,"href":"https:\/\/tiger-platform.eu\/fr\/wp-json\/wp\/v2\/comments?post=766"}],"version-history":[{"count":4,"href":"https:\/\/tiger-platform.eu\/fr\/wp-json\/wp\/v2\/pages\/766\/revisions"}],"predecessor-version":[{"id":1071,"href":"https:\/\/tiger-platform.eu\/fr\/wp-json\/wp\/v2\/pages\/766\/revisions\/1071"}],"up":[{"embeddable":true,"href":"https:\/\/tiger-platform.eu\/fr\/wp-json\/wp\/v2\/pages\/754"}],"wp:attachment":[{"href":"https:\/\/tiger-platform.eu\/fr\/wp-json\/wp\/v2\/media?parent=766"}],"curies":[{"name":"wp","href":"https:\/\/api.w.org\/{rel}","templated":true}]}}