{"id":760,"date":"2018-09-24T16:32:35","date_gmt":"2018-09-24T14:32:35","guid":{"rendered":"https:\/\/tiger-platform.eu\/a-propos-de-tiger\/ziele\/"},"modified":"2018-12-19T16:57:32","modified_gmt":"2018-12-19T15:57:32","slug":"objectifs","status":"publish","type":"page","link":"https:\/\/tiger-platform.eu\/fr\/a-propos-de-tiger\/objectifs\/","title":{"rendered":"Objectifs"},"content":{"rendered":"","protected":false},"excerpt":{"rendered":"<p>Plusieurs esp\u00e8ces de moustiques invasifs se propagent actuellement dans la r\u00e9gion du Rhin sup\u00e9rieur. La plus importante d\u2019entre elle, le moustique tigre (Aedes albopictus), vecteur des virus dengue, chikungunya et zika, mobilise depuis 2014 les administrations en charge de la question dans les 3 pays voisins. Cette actualit\u00e9, touchant les trois pays, impose une r\u00e9flexion tri-nationale tant sur le plan technique que sur le plan de la gouvernance. TIGER vise &#8230;<\/p>\n","protected":false},"author":1,"featured_media":0,"parent":751,"menu_order":0,"comment_status":"closed","ping_status":"closed","template":"page-contentblocks.php","meta":[],"yoast_head":"<!-- This site is optimized with the Yoast SEO plugin v15.4 - https:\/\/yoast.com\/wordpress\/plugins\/seo\/ -->\n<title>Objectifs - TIGER<\/title>\n<meta name=\"robots\" content=\"index, follow, max-snippet:-1, max-image-preview:large, max-video-preview:-1\" \/>\n<link rel=\"canonical\" href=\"https:\/\/tiger-platform.eu\/fr\/a-propos-de-tiger\/objectifs\/\" \/>\n<meta property=\"og:locale\" content=\"fr_FR\" \/>\n<meta property=\"og:type\" content=\"article\" \/>\n<meta property=\"og:title\" content=\"Objectifs - TIGER\" \/>\n<meta property=\"og:description\" content=\"Plusieurs esp\u00e8ces de moustiques invasifs se propagent actuellement dans la r\u00e9gion du Rhin sup\u00e9rieur. La plus importante d\u2019entre elle, le moustique tigre (Aedes albopictus), vecteur des virus dengue, chikungunya et zika, mobilise depuis 2014 les administrations en charge de la question dans les 3 pays voisins. Cette actualit\u00e9, touchant les trois pays, impose une r\u00e9flexion tri-nationale tant sur le plan technique que sur le plan de la gouvernance. TIGER vise ...\" \/>\n<meta property=\"og:url\" content=\"https:\/\/tiger-platform.eu\/fr\/a-propos-de-tiger\/objectifs\/\" \/>\n<meta property=\"og:site_name\" content=\"TIGER\" \/>\n<meta property=\"article:modified_time\" content=\"2018-12-19T15:57:32+00:00\" \/>\n<meta name=\"twitter:card\" content=\"summary_large_image\" \/>\n<meta name=\"twitter:label1\" content=\"Written by\">\n\t<meta name=\"twitter:data1\" content=\"tiger_admin\">\n<script type=\"application\/ld+json\" class=\"yoast-schema-graph\">{\"@context\":\"https:\/\/schema.org\",\"@graph\":[{\"@type\":\"WebSite\",\"@id\":\"https:\/\/tiger-platform.eu\/#website\",\"url\":\"https:\/\/tiger-platform.eu\/\",\"name\":\"TIGER\",\"description\":\"une plateforme d'information sur le moustique tigre dans la r\\u00e9gion du Rhin Sup\\u00e9rieur\",\"potentialAction\":[{\"@type\":\"SearchAction\",\"target\":\"https:\/\/tiger-platform.eu\/?s={search_term_string}\",\"query-input\":\"required name=search_term_string\"}],\"inLanguage\":\"fr-FR\"},{\"@type\":\"WebPage\",\"@id\":\"https:\/\/tiger-platform.eu\/fr\/a-propos-de-tiger\/objectifs\/#webpage\",\"url\":\"https:\/\/tiger-platform.eu\/fr\/a-propos-de-tiger\/objectifs\/\",\"name\":\"Objectifs - TIGER\",\"isPartOf\":{\"@id\":\"https:\/\/tiger-platform.eu\/#website\"},\"datePublished\":\"2018-09-24T14:32:35+00:00\",\"dateModified\":\"2018-12-19T15:57:32+00:00\",\"inLanguage\":\"fr-FR\",\"potentialAction\":[{\"@type\":\"ReadAction\",\"target\":[\"https:\/\/tiger-platform.eu\/fr\/a-propos-de-tiger\/objectifs\/\"]}]}]}<\/script>\n<!-- \/ Yoast SEO plugin. -->","_links":{"self":[{"href":"https:\/\/tiger-platform.eu\/fr\/wp-json\/wp\/v2\/pages\/760"}],"collection":[{"href":"https:\/\/tiger-platform.eu\/fr\/wp-json\/wp\/v2\/pages"}],"about":[{"href":"https:\/\/tiger-platform.eu\/fr\/wp-json\/wp\/v2\/types\/page"}],"author":[{"embeddable":true,"href":"https:\/\/tiger-platform.eu\/fr\/wp-json\/wp\/v2\/users\/1"}],"replies":[{"embeddable":true,"href":"https:\/\/tiger-platform.eu\/fr\/wp-json\/wp\/v2\/comments?post=760"}],"version-history":[{"count":8,"href":"https:\/\/tiger-platform.eu\/fr\/wp-json\/wp\/v2\/pages\/760\/revisions"}],"predecessor-version":[{"id":1549,"href":"https:\/\/tiger-platform.eu\/fr\/wp-json\/wp\/v2\/pages\/760\/revisions\/1549"}],"up":[{"embeddable":true,"href":"https:\/\/tiger-platform.eu\/fr\/wp-json\/wp\/v2\/pages\/751"}],"wp:attachment":[{"href":"https:\/\/tiger-platform.eu\/fr\/wp-json\/wp\/v2\/media?parent=760"}],"curies":[{"name":"wp","href":"https:\/\/api.w.org\/{rel}","templated":true}]}}