{"id":720,"date":"2018-09-11T10:53:09","date_gmt":"2018-09-11T08:53:09","guid":{"rendered":"https:\/\/tiger-platform.eu\/startseite\/"},"modified":"2020-12-01T12:59:39","modified_gmt":"2020-12-01T11:59:39","slug":"startseite","status":"publish","type":"page","link":"https:\/\/tiger-platform.eu\/fr\/","title":{"rendered":"Page d&#8217;accueil"},"content":{"rendered":"","protected":false},"excerpt":{"rendered":"<p>TIGER (Tri-national Initiative Group of Entomology in Upper Rhine valley) est un projet INTERREG-V financ\u00e9 par l&#8217;Union europ\u00e9enne qui soutien les institutions en charge du risque sanitaire li\u00e9 au moustique tigre. TIGER vise notamment \u00e0 former et \u00e0 fournir un appui scientifique et technique aux administrations et institutions publiques. Cela facilite l&#8217;\u00e9valuation et la gestion des risques associ\u00e9s aux moustiques invasifs. Apprenez-en davantage sur les objectifs<\/p>\n","protected":false},"author":1,"featured_media":0,"parent":0,"menu_order":0,"comment_status":"closed","ping_status":"closed","template":"page-contentblocks.php","meta":[],"yoast_head":"<!-- This site is optimized with the Yoast SEO plugin v15.4 - https:\/\/yoast.com\/wordpress\/plugins\/seo\/ -->\n<title>TIGER \u2013 une plateforme d&#039;information sur le moustique tigre dans la r\u00e9gion du Rhin Sup\u00e9rieur<\/title>\n<meta name=\"robots\" content=\"index, follow, max-snippet:-1, max-image-preview:large, max-video-preview:-1\" \/>\n<link rel=\"canonical\" href=\"https:\/\/tiger-platform.eu\/fr\/\" \/>\n<meta property=\"og:locale\" content=\"fr_FR\" \/>\n<meta property=\"og:type\" content=\"article\" \/>\n<meta property=\"og:title\" content=\"TIGER \u2013 une plateforme d&#039;information sur le moustique tigre dans la r\u00e9gion du Rhin Sup\u00e9rieur\" \/>\n<meta property=\"og:description\" content=\"TIGER (Tri-national Initiative Group of Entomology in Upper Rhine valley) est un projet INTERREG-V financ\u00e9 par l&#8217;Union europ\u00e9enne qui soutien les institutions en charge du risque sanitaire li\u00e9 au moustique tigre. TIGER vise notamment \u00e0 former et \u00e0 fournir un appui scientifique et technique aux administrations et institutions publiques. Cela facilite l&#8217;\u00e9valuation et la gestion des risques associ\u00e9s aux moustiques invasifs. Apprenez-en davantage sur les objectifs\" \/>\n<meta property=\"og:url\" content=\"https:\/\/tiger-platform.eu\/fr\/\" \/>\n<meta property=\"og:site_name\" content=\"TIGER\" \/>\n<meta property=\"article:modified_time\" content=\"2020-12-01T11:59:39+00:00\" \/>\n<meta name=\"twitter:card\" content=\"summary_large_image\" \/>\n<meta name=\"twitter:label1\" content=\"Written by\">\n\t<meta name=\"twitter:data1\" content=\"tiger_admin\">\n<script type=\"application\/ld+json\" class=\"yoast-schema-graph\">{\"@context\":\"https:\/\/schema.org\",\"@graph\":[{\"@type\":\"WebSite\",\"@id\":\"https:\/\/tiger-platform.eu\/#website\",\"url\":\"https:\/\/tiger-platform.eu\/\",\"name\":\"TIGER\",\"description\":\"une plateforme d'information sur le moustique tigre dans la r\\u00e9gion du Rhin Sup\\u00e9rieur\",\"potentialAction\":[{\"@type\":\"SearchAction\",\"target\":\"https:\/\/tiger-platform.eu\/?s={search_term_string}\",\"query-input\":\"required name=search_term_string\"}],\"inLanguage\":\"fr-FR\"},{\"@type\":\"WebPage\",\"@id\":\"https:\/\/tiger-platform.eu\/fr\/#webpage\",\"url\":\"https:\/\/tiger-platform.eu\/fr\/\",\"name\":\"TIGER \\u2013 une plateforme d'information sur le moustique tigre dans la r\\u00e9gion du Rhin Sup\\u00e9rieur\",\"isPartOf\":{\"@id\":\"https:\/\/tiger-platform.eu\/#website\"},\"datePublished\":\"2018-09-11T08:53:09+00:00\",\"dateModified\":\"2020-12-01T11:59:39+00:00\",\"inLanguage\":\"fr-FR\",\"potentialAction\":[{\"@type\":\"ReadAction\",\"target\":[\"https:\/\/tiger-platform.eu\/fr\/\"]}]}]}<\/script>\n<!-- \/ Yoast SEO plugin. -->","_links":{"self":[{"href":"https:\/\/tiger-platform.eu\/fr\/wp-json\/wp\/v2\/pages\/720"}],"collection":[{"href":"https:\/\/tiger-platform.eu\/fr\/wp-json\/wp\/v2\/pages"}],"about":[{"href":"https:\/\/tiger-platform.eu\/fr\/wp-json\/wp\/v2\/types\/page"}],"author":[{"embeddable":true,"href":"https:\/\/tiger-platform.eu\/fr\/wp-json\/wp\/v2\/users\/1"}],"replies":[{"embeddable":true,"href":"https:\/\/tiger-platform.eu\/fr\/wp-json\/wp\/v2\/comments?post=720"}],"version-history":[{"count":29,"href":"https:\/\/tiger-platform.eu\/fr\/wp-json\/wp\/v2\/pages\/720\/revisions"}],"predecessor-version":[{"id":3409,"href":"https:\/\/tiger-platform.eu\/fr\/wp-json\/wp\/v2\/pages\/720\/revisions\/3409"}],"wp:attachment":[{"href":"https:\/\/tiger-platform.eu\/fr\/wp-json\/wp\/v2\/media?parent=720"}],"curies":[{"name":"wp","href":"https:\/\/api.w.org\/{rel}","templated":true}]}}