{"id":613,"date":"2018-09-25T21:25:15","date_gmt":"2018-09-25T19:25:15","guid":{"rendered":"https:\/\/tiger-platform.eu\/biologie\/"},"modified":"2019-03-25T08:42:31","modified_gmt":"2019-03-25T07:42:31","slug":"biologie","status":"publish","type":"page","link":"https:\/\/tiger-platform.eu\/fr\/moustique-tigre\/biologie\/","title":{"rendered":"Biologie"},"content":{"rendered":"","protected":false},"excerpt":{"rendered":"<p>Moustique tigre (Aedes albopictus) m\u00e2le (gauche) et femelle (droite) &#8211; Nicolas Henon Le moustique tigre Aedes albopictus a \u00e9t\u00e9 d\u00e9crit pour la premi\u00e8re fois par Skuse en 1894 [1]. La famille des moustiques (Culicidae) compte environ 3550 esp\u00e8ces [2]. Morphologie Avec une taille de 3,5 &#8211; \u00e0 8 mm [1] Aedes albopictus appartient au groupe de moustiques de petite \u00e0 moyenne taille [3]. Les sp\u00e9cimens de cette esp\u00e8ce peuvent \u00eatre &#8230;<\/p>\n","protected":false},"author":1,"featured_media":0,"parent":754,"menu_order":0,"comment_status":"closed","ping_status":"closed","template":"page-contentblocks.php","meta":[],"yoast_head":"<!-- This site is optimized with the Yoast SEO plugin v15.4 - https:\/\/yoast.com\/wordpress\/plugins\/seo\/ -->\n<title>Biologie - TIGER<\/title>\n<meta name=\"robots\" content=\"index, follow, max-snippet:-1, max-image-preview:large, max-video-preview:-1\" \/>\n<link rel=\"canonical\" href=\"https:\/\/tiger-platform.eu\/fr\/moustique-tigre\/biologie\/\" \/>\n<meta property=\"og:locale\" content=\"fr_FR\" \/>\n<meta property=\"og:type\" content=\"article\" \/>\n<meta property=\"og:title\" content=\"Biologie - TIGER\" \/>\n<meta property=\"og:description\" content=\"Moustique tigre (Aedes albopictus) m\u00e2le (gauche) et femelle (droite) &#8211; Nicolas Henon Le moustique tigre Aedes albopictus a \u00e9t\u00e9 d\u00e9crit pour la premi\u00e8re fois par Skuse en 1894 [1]. La famille des moustiques (Culicidae) compte environ 3550 esp\u00e8ces [2]. Morphologie Avec une taille de 3,5 &#8211; \u00e0 8 mm [1] Aedes albopictus appartient au groupe de moustiques de petite \u00e0 moyenne taille [3]. Les sp\u00e9cimens de cette esp\u00e8ce peuvent \u00eatre ...\" \/>\n<meta property=\"og:url\" content=\"https:\/\/tiger-platform.eu\/fr\/moustique-tigre\/biologie\/\" \/>\n<meta property=\"og:site_name\" content=\"TIGER\" \/>\n<meta property=\"article:modified_time\" content=\"2019-03-25T07:42:31+00:00\" \/>\n<meta name=\"twitter:card\" content=\"summary_large_image\" \/>\n<meta name=\"twitter:label1\" content=\"Written by\">\n\t<meta name=\"twitter:data1\" content=\"tiger_admin\">\n<script type=\"application\/ld+json\" class=\"yoast-schema-graph\">{\"@context\":\"https:\/\/schema.org\",\"@graph\":[{\"@type\":\"WebSite\",\"@id\":\"https:\/\/tiger-platform.eu\/#website\",\"url\":\"https:\/\/tiger-platform.eu\/\",\"name\":\"TIGER\",\"description\":\"une plateforme d'information sur le moustique tigre dans la r\\u00e9gion du Rhin Sup\\u00e9rieur\",\"potentialAction\":[{\"@type\":\"SearchAction\",\"target\":\"https:\/\/tiger-platform.eu\/?s={search_term_string}\",\"query-input\":\"required name=search_term_string\"}],\"inLanguage\":\"fr-FR\"},{\"@type\":\"WebPage\",\"@id\":\"https:\/\/tiger-platform.eu\/fr\/moustique-tigre\/biologie\/#webpage\",\"url\":\"https:\/\/tiger-platform.eu\/fr\/moustique-tigre\/biologie\/\",\"name\":\"Biologie - TIGER\",\"isPartOf\":{\"@id\":\"https:\/\/tiger-platform.eu\/#website\"},\"datePublished\":\"2018-09-25T19:25:15+00:00\",\"dateModified\":\"2019-03-25T07:42:31+00:00\",\"inLanguage\":\"fr-FR\",\"potentialAction\":[{\"@type\":\"ReadAction\",\"target\":[\"https:\/\/tiger-platform.eu\/fr\/moustique-tigre\/biologie\/\"]}]}]}<\/script>\n<!-- \/ Yoast SEO plugin. -->","_links":{"self":[{"href":"https:\/\/tiger-platform.eu\/fr\/wp-json\/wp\/v2\/pages\/613"}],"collection":[{"href":"https:\/\/tiger-platform.eu\/fr\/wp-json\/wp\/v2\/pages"}],"about":[{"href":"https:\/\/tiger-platform.eu\/fr\/wp-json\/wp\/v2\/types\/page"}],"author":[{"embeddable":true,"href":"https:\/\/tiger-platform.eu\/fr\/wp-json\/wp\/v2\/users\/1"}],"replies":[{"embeddable":true,"href":"https:\/\/tiger-platform.eu\/fr\/wp-json\/wp\/v2\/comments?post=613"}],"version-history":[{"count":27,"href":"https:\/\/tiger-platform.eu\/fr\/wp-json\/wp\/v2\/pages\/613\/revisions"}],"predecessor-version":[{"id":1878,"href":"https:\/\/tiger-platform.eu\/fr\/wp-json\/wp\/v2\/pages\/613\/revisions\/1878"}],"up":[{"embeddable":true,"href":"https:\/\/tiger-platform.eu\/fr\/wp-json\/wp\/v2\/pages\/754"}],"wp:attachment":[{"href":"https:\/\/tiger-platform.eu\/fr\/wp-json\/wp\/v2\/media?parent=613"}],"curies":[{"name":"wp","href":"https:\/\/api.w.org\/{rel}","templated":true}]}}