{"id":3101,"date":"2019-07-15T14:04:18","date_gmt":"2019-07-15T12:04:18","guid":{"rendered":"https:\/\/tiger-platform.eu\/moustique-tigre\/erkennen\/"},"modified":"2020-03-25T13:31:56","modified_gmt":"2020-03-25T12:31:56","slug":"caracteres-distinctifs","status":"publish","type":"page","link":"https:\/\/tiger-platform.eu\/fr\/moustique-tigre\/caracteres-distinctifs\/","title":{"rendered":"Caracteres distinctifs"},"content":{"rendered":"","protected":false},"excerpt":{"rendered":"<p>Taille d&#8217;un moustique tigre Le moustique tigre Aedes albopictus a \u00e9t\u00e9 d\u00e9crit pour la premi\u00e8re fois par Skuse en 1894 [1]. Il fait partie de la famille des moustiques (Culicidae) avec ses quelques 3550 esp\u00e8ces [2]. Avec une taille entre 3,5 \u00e0 8 mm [1], Aedes albopictus fait partie des moustiques de petite \u00e0 moyenne taille [3]. Les sp\u00e9cimens de cette esp\u00e8ce se distinguent des autres moustiques par leur coloration &#8230;<\/p>\n","protected":false},"author":5,"featured_media":0,"parent":754,"menu_order":0,"comment_status":"closed","ping_status":"closed","template":"page-contentblocks.php","meta":[],"yoast_head":"<!-- This site is optimized with the Yoast SEO plugin v15.4 - https:\/\/yoast.com\/wordpress\/plugins\/seo\/ -->\n<title>Caracteres distinctifs - TIGER<\/title>\n<meta name=\"description\" content=\"Mit einer Gr\u00f6\u00dfe von 3,5 \u2013 bis 8 mm geh\u00f6rt Aedes albopictus zu den kleinen bis mittelgro\u00dfen Stechm\u00fcckenarten. Besonders durch ihre tiefschwarze F\u00e4rbung lassen sich Exemplare der Art von anderen Stechm\u00fccken unterscheiden.\" \/>\n<meta name=\"robots\" content=\"index, follow, max-snippet:-1, max-image-preview:large, max-video-preview:-1\" \/>\n<link rel=\"canonical\" href=\"https:\/\/tiger-platform.eu\/fr\/moustique-tigre\/caracteres-distinctifs\/\" \/>\n<meta property=\"og:locale\" content=\"fr_FR\" \/>\n<meta property=\"og:type\" content=\"article\" \/>\n<meta property=\"og:title\" content=\"Caracteres distinctifs - TIGER\" \/>\n<meta property=\"og:description\" content=\"Mit einer Gr\u00f6\u00dfe von 3,5 \u2013 bis 8 mm geh\u00f6rt Aedes albopictus zu den kleinen bis mittelgro\u00dfen Stechm\u00fcckenarten. Besonders durch ihre tiefschwarze F\u00e4rbung lassen sich Exemplare der Art von anderen Stechm\u00fccken unterscheiden.\" \/>\n<meta property=\"og:url\" content=\"https:\/\/tiger-platform.eu\/fr\/moustique-tigre\/caracteres-distinctifs\/\" \/>\n<meta property=\"og:site_name\" content=\"TIGER\" \/>\n<meta property=\"article:modified_time\" content=\"2020-03-25T12:31:56+00:00\" \/>\n<meta name=\"twitter:card\" content=\"summary_large_image\" \/>\n<meta name=\"twitter:label1\" content=\"Written by\">\n\t<meta name=\"twitter:data1\" content=\"Xenia Augsten\">\n<script type=\"application\/ld+json\" class=\"yoast-schema-graph\">{\"@context\":\"https:\/\/schema.org\",\"@graph\":[{\"@type\":\"WebSite\",\"@id\":\"https:\/\/tiger-platform.eu\/#website\",\"url\":\"https:\/\/tiger-platform.eu\/\",\"name\":\"TIGER\",\"description\":\"une plateforme d'information sur le moustique tigre dans la r\\u00e9gion du Rhin Sup\\u00e9rieur\",\"potentialAction\":[{\"@type\":\"SearchAction\",\"target\":\"https:\/\/tiger-platform.eu\/?s={search_term_string}\",\"query-input\":\"required name=search_term_string\"}],\"inLanguage\":\"fr-FR\"},{\"@type\":\"WebPage\",\"@id\":\"https:\/\/tiger-platform.eu\/fr\/moustique-tigre\/caracteres-distinctifs\/#webpage\",\"url\":\"https:\/\/tiger-platform.eu\/fr\/moustique-tigre\/caracteres-distinctifs\/\",\"name\":\"Caracteres distinctifs - TIGER\",\"isPartOf\":{\"@id\":\"https:\/\/tiger-platform.eu\/#website\"},\"datePublished\":\"2019-07-15T12:04:18+00:00\",\"dateModified\":\"2020-03-25T12:31:56+00:00\",\"description\":\"Mit einer Gr\\u00f6\\u00dfe von 3,5 \\u2013 bis 8 mm geh\\u00f6rt Aedes albopictus zu den kleinen bis mittelgro\\u00dfen Stechm\\u00fcckenarten. Besonders durch ihre tiefschwarze F\\u00e4rbung lassen sich Exemplare der Art von anderen Stechm\\u00fccken unterscheiden.\",\"inLanguage\":\"fr-FR\",\"potentialAction\":[{\"@type\":\"ReadAction\",\"target\":[\"https:\/\/tiger-platform.eu\/fr\/moustique-tigre\/caracteres-distinctifs\/\"]}]}]}<\/script>\n<!-- \/ Yoast SEO plugin. -->","_links":{"self":[{"href":"https:\/\/tiger-platform.eu\/fr\/wp-json\/wp\/v2\/pages\/3101"}],"collection":[{"href":"https:\/\/tiger-platform.eu\/fr\/wp-json\/wp\/v2\/pages"}],"about":[{"href":"https:\/\/tiger-platform.eu\/fr\/wp-json\/wp\/v2\/types\/page"}],"author":[{"embeddable":true,"href":"https:\/\/tiger-platform.eu\/fr\/wp-json\/wp\/v2\/users\/5"}],"replies":[{"embeddable":true,"href":"https:\/\/tiger-platform.eu\/fr\/wp-json\/wp\/v2\/comments?post=3101"}],"version-history":[{"count":3,"href":"https:\/\/tiger-platform.eu\/fr\/wp-json\/wp\/v2\/pages\/3101\/revisions"}],"predecessor-version":[{"id":3104,"href":"https:\/\/tiger-platform.eu\/fr\/wp-json\/wp\/v2\/pages\/3101\/revisions\/3104"}],"up":[{"embeddable":true,"href":"https:\/\/tiger-platform.eu\/fr\/wp-json\/wp\/v2\/pages\/754"}],"wp:attachment":[{"href":"https:\/\/tiger-platform.eu\/fr\/wp-json\/wp\/v2\/media?parent=3101"}],"curies":[{"name":"wp","href":"https:\/\/api.w.org\/{rel}","templated":true}]}}