{"id":3098,"date":"2020-03-05T15:24:04","date_gmt":"2020-03-05T14:24:04","guid":{"rendered":"https:\/\/tiger-platform.eu\/moustique-tigre\/brutstaetten\/"},"modified":"2020-05-18T11:56:06","modified_gmt":"2020-05-18T09:56:06","slug":"gites-larvaires","status":"publish","type":"page","link":"https:\/\/tiger-platform.eu\/fr\/moustique-tigre\/gites-larvaires\/","title":{"rendered":"G\u00eetes larvaires"},"content":{"rendered":"","protected":false},"excerpt":{"rendered":"<p>Diversit\u00e9 des g\u00eetes larvaires Le moustique tigre utilise un grand nombre de g\u00eetes larvaires artificiels et naturels diff\u00e9rents [1]. Le choix est influenc\u00e9 par des facteurs tels que la lumi\u00e8re ou la temp\u00e9rature de l&#8217;eau [2]. En tant qu&#8217;esp\u00e8ce de moustique des creux d\u2019arbres qui se reproduit dans les dendrotelmes (phytotelmes) [3], la destruction de son habitat naturel a favoris\u00e9 le suivi des Hommes par cette esp\u00e8ce. Outre les g\u00eetes &#8230;<\/p>\n","protected":false},"author":5,"featured_media":0,"parent":754,"menu_order":0,"comment_status":"closed","ping_status":"closed","template":"page-contentblocks.php","meta":[],"yoast_head":"<!-- This site is optimized with the Yoast SEO plugin v15.4 - https:\/\/yoast.com\/wordpress\/plugins\/seo\/ -->\n<title>G\u00eetes larvaires - TIGER<\/title>\n<meta name=\"robots\" content=\"index, follow, max-snippet:-1, max-image-preview:large, max-video-preview:-1\" \/>\n<link rel=\"canonical\" href=\"https:\/\/tiger-platform.eu\/fr\/moustique-tigre\/gites-larvaires\/\" \/>\n<meta property=\"og:locale\" content=\"fr_FR\" \/>\n<meta property=\"og:type\" content=\"article\" \/>\n<meta property=\"og:title\" content=\"G\u00eetes larvaires - TIGER\" \/>\n<meta property=\"og:description\" content=\"Diversit\u00e9 des g\u00eetes larvaires Le moustique tigre utilise un grand nombre de g\u00eetes larvaires artificiels et naturels diff\u00e9rents [1]. Le choix est influenc\u00e9 par des facteurs tels que la lumi\u00e8re ou la temp\u00e9rature de l&#8217;eau [2]. En tant qu&#8217;esp\u00e8ce de moustique des creux d\u2019arbres qui se reproduit dans les dendrotelmes (phytotelmes) [3], la destruction de son habitat naturel a favoris\u00e9 le suivi des Hommes par cette esp\u00e8ce. Outre les g\u00eetes ...\" \/>\n<meta property=\"og:url\" content=\"https:\/\/tiger-platform.eu\/fr\/moustique-tigre\/gites-larvaires\/\" \/>\n<meta property=\"og:site_name\" content=\"TIGER\" \/>\n<meta property=\"article:modified_time\" content=\"2020-05-18T09:56:06+00:00\" \/>\n<meta name=\"twitter:card\" content=\"summary_large_image\" \/>\n<meta name=\"twitter:label1\" content=\"Written by\">\n\t<meta name=\"twitter:data1\" content=\"Xenia Augsten\">\n<script type=\"application\/ld+json\" class=\"yoast-schema-graph\">{\"@context\":\"https:\/\/schema.org\",\"@graph\":[{\"@type\":\"WebSite\",\"@id\":\"https:\/\/tiger-platform.eu\/#website\",\"url\":\"https:\/\/tiger-platform.eu\/\",\"name\":\"TIGER\",\"description\":\"une plateforme d'information sur le moustique tigre dans la r\\u00e9gion du Rhin Sup\\u00e9rieur\",\"potentialAction\":[{\"@type\":\"SearchAction\",\"target\":\"https:\/\/tiger-platform.eu\/?s={search_term_string}\",\"query-input\":\"required name=search_term_string\"}],\"inLanguage\":\"fr-FR\"},{\"@type\":\"WebPage\",\"@id\":\"https:\/\/tiger-platform.eu\/fr\/moustique-tigre\/gites-larvaires\/#webpage\",\"url\":\"https:\/\/tiger-platform.eu\/fr\/moustique-tigre\/gites-larvaires\/\",\"name\":\"G\\u00eetes larvaires - TIGER\",\"isPartOf\":{\"@id\":\"https:\/\/tiger-platform.eu\/#website\"},\"datePublished\":\"2020-03-05T14:24:04+00:00\",\"dateModified\":\"2020-05-18T09:56:06+00:00\",\"inLanguage\":\"fr-FR\",\"potentialAction\":[{\"@type\":\"ReadAction\",\"target\":[\"https:\/\/tiger-platform.eu\/fr\/moustique-tigre\/gites-larvaires\/\"]}]}]}<\/script>\n<!-- \/ Yoast SEO plugin. -->","_links":{"self":[{"href":"https:\/\/tiger-platform.eu\/fr\/wp-json\/wp\/v2\/pages\/3098"}],"collection":[{"href":"https:\/\/tiger-platform.eu\/fr\/wp-json\/wp\/v2\/pages"}],"about":[{"href":"https:\/\/tiger-platform.eu\/fr\/wp-json\/wp\/v2\/types\/page"}],"author":[{"embeddable":true,"href":"https:\/\/tiger-platform.eu\/fr\/wp-json\/wp\/v2\/users\/5"}],"replies":[{"embeddable":true,"href":"https:\/\/tiger-platform.eu\/fr\/wp-json\/wp\/v2\/comments?post=3098"}],"version-history":[{"count":5,"href":"https:\/\/tiger-platform.eu\/fr\/wp-json\/wp\/v2\/pages\/3098\/revisions"}],"predecessor-version":[{"id":3174,"href":"https:\/\/tiger-platform.eu\/fr\/wp-json\/wp\/v2\/pages\/3098\/revisions\/3174"}],"up":[{"embeddable":true,"href":"https:\/\/tiger-platform.eu\/fr\/wp-json\/wp\/v2\/pages\/754"}],"wp:attachment":[{"href":"https:\/\/tiger-platform.eu\/fr\/wp-json\/wp\/v2\/media?parent=3098"}],"curies":[{"name":"wp","href":"https:\/\/api.w.org\/{rel}","templated":true}]}}