{"id":700,"date":"2018-10-16T17:02:01","date_gmt":"2018-10-16T15:02:01","guid":{"rendered":"https:\/\/tiger-platform.eu\/?page_id=700"},"modified":"2020-12-01T10:51:21","modified_gmt":"2020-12-01T09:51:21","slug":"verbreitung","status":"publish","type":"page","link":"https:\/\/tiger-platform.eu\/de\/asiatische-tigermuecke\/verbreitung\/","title":{"rendered":"Verbreitung"},"content":{"rendered":"","protected":false},"excerpt":{"rendered":"<p>Herkunft Urspr\u00fcnglich stammt die Asiatische Tigerm\u00fccke aus S\u00fcdostasien [1] und l\u00e4sst sich in L\u00e4ndern wie Singapur [2] oder Thailand [3] seit Jahrzehnten auffinden. Die haupts\u00e4chliche Ausbreitung der Asiatischen Tigerm\u00fccke findet durch passive Verschleppung durch den Menschen statt. Aedes albopictus selbst besitzt bei der Verf\u00fcgbarkeit eines geeigneten Habitats wenig Tendenzen zur Wanderung und legt selten mehr als eine Distanz von 100 m an einem Tag zur\u00fcck [4]. Weltweiter Warenhandel Eine weltweite &#8230;<\/p>\n","protected":false},"author":1,"featured_media":0,"parent":25,"menu_order":0,"comment_status":"closed","ping_status":"closed","template":"page-contentblocks.php","meta":[],"yoast_head":"<!-- This site is optimized with the Yoast SEO plugin v15.4 - https:\/\/yoast.com\/wordpress\/plugins\/seo\/ -->\n<title>Verbreitung der Asiatischen Tigerm\u00fccke - TIGER<\/title>\n<meta name=\"description\" content=\"Urspr\u00fcnglich stammt die Asiatische Tigerm\u00fccke aus S\u00fcdostasien. Eine weltweite Verbreitung wurde durch den globalen Warenhandel deutlich gef\u00f6rdert.\" \/>\n<meta name=\"robots\" content=\"index, follow, max-snippet:-1, max-image-preview:large, max-video-preview:-1\" \/>\n<link rel=\"canonical\" href=\"https:\/\/tiger-platform.eu\/de\/asiatische-tigermuecke\/verbreitung\/\" \/>\n<meta property=\"og:locale\" content=\"de_DE\" \/>\n<meta property=\"og:type\" content=\"article\" \/>\n<meta property=\"og:title\" content=\"Verbreitung der Asiatischen Tigerm\u00fccke - TIGER\" \/>\n<meta property=\"og:description\" content=\"Urspr\u00fcnglich stammt die Asiatische Tigerm\u00fccke aus S\u00fcdostasien. Eine weltweite Verbreitung wurde durch den globalen Warenhandel deutlich gef\u00f6rdert.\" \/>\n<meta property=\"og:url\" content=\"https:\/\/tiger-platform.eu\/de\/asiatische-tigermuecke\/verbreitung\/\" \/>\n<meta property=\"og:site_name\" content=\"TIGER\" \/>\n<meta property=\"article:modified_time\" content=\"2020-12-01T09:51:21+00:00\" \/>\n<meta name=\"twitter:card\" content=\"summary_large_image\" \/>\n<meta name=\"twitter:label1\" content=\"Written by\">\n\t<meta name=\"twitter:data1\" content=\"tiger_admin\">\n<script type=\"application\/ld+json\" class=\"yoast-schema-graph\">{\"@context\":\"https:\/\/schema.org\",\"@graph\":[{\"@type\":\"WebSite\",\"@id\":\"https:\/\/tiger-platform.eu\/#website\",\"url\":\"https:\/\/tiger-platform.eu\/\",\"name\":\"TIGER\",\"description\":\"Informationsplattform \\u00fcber die Asiatische Tigerm\\u00fccke in der Oberrheinregion\",\"potentialAction\":[{\"@type\":\"SearchAction\",\"target\":\"https:\/\/tiger-platform.eu\/?s={search_term_string}\",\"query-input\":\"required name=search_term_string\"}],\"inLanguage\":\"de-DE\"},{\"@type\":\"WebPage\",\"@id\":\"https:\/\/tiger-platform.eu\/de\/asiatische-tigermuecke\/verbreitung\/#webpage\",\"url\":\"https:\/\/tiger-platform.eu\/de\/asiatische-tigermuecke\/verbreitung\/\",\"name\":\"Verbreitung der Asiatischen Tigerm\\u00fccke - TIGER\",\"isPartOf\":{\"@id\":\"https:\/\/tiger-platform.eu\/#website\"},\"datePublished\":\"2018-10-16T15:02:01+00:00\",\"dateModified\":\"2020-12-01T09:51:21+00:00\",\"description\":\"Urspr\\u00fcnglich stammt die Asiatische Tigerm\\u00fccke aus S\\u00fcdostasien. Eine weltweite Verbreitung wurde durch den globalen Warenhandel deutlich gef\\u00f6rdert.\",\"inLanguage\":\"de-DE\",\"potentialAction\":[{\"@type\":\"ReadAction\",\"target\":[\"https:\/\/tiger-platform.eu\/de\/asiatische-tigermuecke\/verbreitung\/\"]}]}]}<\/script>\n<!-- \/ Yoast SEO plugin. -->","_links":{"self":[{"href":"https:\/\/tiger-platform.eu\/de\/wp-json\/wp\/v2\/pages\/700"}],"collection":[{"href":"https:\/\/tiger-platform.eu\/de\/wp-json\/wp\/v2\/pages"}],"about":[{"href":"https:\/\/tiger-platform.eu\/de\/wp-json\/wp\/v2\/types\/page"}],"author":[{"embeddable":true,"href":"https:\/\/tiger-platform.eu\/de\/wp-json\/wp\/v2\/users\/1"}],"replies":[{"embeddable":true,"href":"https:\/\/tiger-platform.eu\/de\/wp-json\/wp\/v2\/comments?post=700"}],"version-history":[{"count":18,"href":"https:\/\/tiger-platform.eu\/de\/wp-json\/wp\/v2\/pages\/700\/revisions"}],"predecessor-version":[{"id":3401,"href":"https:\/\/tiger-platform.eu\/de\/wp-json\/wp\/v2\/pages\/700\/revisions\/3401"}],"up":[{"embeddable":true,"href":"https:\/\/tiger-platform.eu\/de\/wp-json\/wp\/v2\/pages\/25"}],"wp:attachment":[{"href":"https:\/\/tiger-platform.eu\/de\/wp-json\/wp\/v2\/media?parent=700"}],"curies":[{"name":"wp","href":"https:\/\/api.w.org\/{rel}","templated":true}]}}