{"id":694,"date":"2018-10-16T16:53:39","date_gmt":"2018-10-16T14:53:39","guid":{"rendered":"https:\/\/tiger-platform.eu\/?page_id=694"},"modified":"2020-04-21T10:44:14","modified_gmt":"2020-04-21T08:44:14","slug":"experten","status":"publish","type":"page","link":"https:\/\/tiger-platform.eu\/de\/ueber-tiger\/experten\/","title":{"rendered":"Experten"},"content":{"rendered":"","protected":false},"excerpt":{"rendered":"","protected":false},"author":1,"featured_media":0,"parent":139,"menu_order":0,"comment_status":"closed","ping_status":"closed","template":"page-contentblocks.php","meta":[],"yoast_head":"<!-- This site is optimized with the Yoast SEO plugin v15.4 - https:\/\/yoast.com\/wordpress\/plugins\/seo\/ -->\n<title>Experten des TIGER Projekts - TIGER<\/title>\n<meta name=\"description\" content=\"Die TIGER Experten sind verst\u00e4rkt in die Bek\u00e4mpfung von \u00f6rtlichen Populationen der Asiatischen Tigerm\u00fccke in der Oberrheinregion involviert.\" \/>\n<meta name=\"robots\" content=\"index, follow, max-snippet:-1, max-image-preview:large, max-video-preview:-1\" \/>\n<link rel=\"canonical\" href=\"https:\/\/tiger-platform.eu\/de\/ueber-tiger\/experten\/\" \/>\n<meta property=\"og:locale\" content=\"de_DE\" \/>\n<meta property=\"og:type\" content=\"article\" \/>\n<meta property=\"og:title\" content=\"Experten des TIGER Projekts - TIGER\" \/>\n<meta property=\"og:description\" content=\"Die TIGER Experten sind verst\u00e4rkt in die Bek\u00e4mpfung von \u00f6rtlichen Populationen der Asiatischen Tigerm\u00fccke in der Oberrheinregion involviert.\" \/>\n<meta property=\"og:url\" content=\"https:\/\/tiger-platform.eu\/de\/ueber-tiger\/experten\/\" \/>\n<meta property=\"og:site_name\" content=\"TIGER\" \/>\n<meta property=\"article:modified_time\" content=\"2020-04-21T08:44:14+00:00\" \/>\n<meta name=\"twitter:card\" content=\"summary_large_image\" \/>\n<meta name=\"twitter:label1\" content=\"Written by\">\n\t<meta name=\"twitter:data1\" content=\"tiger_admin\">\n<script type=\"application\/ld+json\" class=\"yoast-schema-graph\">{\"@context\":\"https:\/\/schema.org\",\"@graph\":[{\"@type\":\"WebSite\",\"@id\":\"https:\/\/tiger-platform.eu\/#website\",\"url\":\"https:\/\/tiger-platform.eu\/\",\"name\":\"TIGER\",\"description\":\"Informationsplattform \\u00fcber die Asiatische Tigerm\\u00fccke in der Oberrheinregion\",\"potentialAction\":[{\"@type\":\"SearchAction\",\"target\":\"https:\/\/tiger-platform.eu\/?s={search_term_string}\",\"query-input\":\"required name=search_term_string\"}],\"inLanguage\":\"de-DE\"},{\"@type\":\"WebPage\",\"@id\":\"https:\/\/tiger-platform.eu\/de\/ueber-tiger\/experten\/#webpage\",\"url\":\"https:\/\/tiger-platform.eu\/de\/ueber-tiger\/experten\/\",\"name\":\"Experten des TIGER Projekts - TIGER\",\"isPartOf\":{\"@id\":\"https:\/\/tiger-platform.eu\/#website\"},\"datePublished\":\"2018-10-16T14:53:39+00:00\",\"dateModified\":\"2020-04-21T08:44:14+00:00\",\"description\":\"Die TIGER Experten sind verst\\u00e4rkt in die Bek\\u00e4mpfung von \\u00f6rtlichen Populationen der Asiatischen Tigerm\\u00fccke in der Oberrheinregion involviert.\",\"inLanguage\":\"de-DE\",\"potentialAction\":[{\"@type\":\"ReadAction\",\"target\":[\"https:\/\/tiger-platform.eu\/de\/ueber-tiger\/experten\/\"]}]}]}<\/script>\n<!-- \/ Yoast SEO plugin. -->","_links":{"self":[{"href":"https:\/\/tiger-platform.eu\/de\/wp-json\/wp\/v2\/pages\/694"}],"collection":[{"href":"https:\/\/tiger-platform.eu\/de\/wp-json\/wp\/v2\/pages"}],"about":[{"href":"https:\/\/tiger-platform.eu\/de\/wp-json\/wp\/v2\/types\/page"}],"author":[{"embeddable":true,"href":"https:\/\/tiger-platform.eu\/de\/wp-json\/wp\/v2\/users\/1"}],"replies":[{"embeddable":true,"href":"https:\/\/tiger-platform.eu\/de\/wp-json\/wp\/v2\/comments?post=694"}],"version-history":[{"count":11,"href":"https:\/\/tiger-platform.eu\/de\/wp-json\/wp\/v2\/pages\/694\/revisions"}],"predecessor-version":[{"id":3150,"href":"https:\/\/tiger-platform.eu\/de\/wp-json\/wp\/v2\/pages\/694\/revisions\/3150"}],"up":[{"embeddable":true,"href":"https:\/\/tiger-platform.eu\/de\/wp-json\/wp\/v2\/pages\/139"}],"wp:attachment":[{"href":"https:\/\/tiger-platform.eu\/de\/wp-json\/wp\/v2\/media?parent=694"}],"curies":[{"name":"wp","href":"https:\/\/api.w.org\/{rel}","templated":true}]}}