{"id":5,"date":"2018-09-11T10:53:09","date_gmt":"2018-09-11T08:53:09","guid":{"rendered":"https:\/\/tiger-platform.eu\/?page_id=5"},"modified":"2020-12-01T10:34:50","modified_gmt":"2020-12-01T09:34:50","slug":"startseite","status":"publish","type":"page","link":"https:\/\/tiger-platform.eu\/de\/","title":{"rendered":"Startseite"},"content":{"rendered":"","protected":false},"excerpt":{"rendered":"<p>TIGER (Tri-national Initiative Group of Entomology in Upper Rhine valley) ist ein EU-gef\u00f6rdertes INTERREG-V Projekt und dient der Unterst\u00fctzung der Institutionen, die f\u00fcr die gesundheitlichen Risiken im Zusammenhang mit der Asiatischen Tigerm\u00fccke zust\u00e4ndig sind. Im Fokus steht dabei Beh\u00f6rden kompetent in wissenschaftlicher und technischer Weise zu unterst\u00fctzen. So k\u00f6nnen diese Risiken, welche von invasiven Stechm\u00fccken ausgehen, besser einsch\u00e4tzen und bew\u00e4ltigen. Mehr erfahren \u00fcber die Ziele<\/p>\n","protected":false},"author":1,"featured_media":0,"parent":0,"menu_order":0,"comment_status":"closed","ping_status":"closed","template":"page-contentblocks.php","meta":[],"yoast_head":"<!-- This site is optimized with the Yoast SEO plugin v15.4 - https:\/\/yoast.com\/wordpress\/plugins\/seo\/ -->\n<title>TIGER \u2013 Informationsplattform \u00fcber die Asiatische Tigerm\u00fccke<\/title>\n<meta name=\"description\" content=\"TIGER ist ein EU-gef\u00f6rdertes INTERREG-V Projekt und unterst\u00fctzt Institutionen, die sich mit gesundheitlichen Risiken der Asiatischen Tigerm\u00fccke befassen.\" \/>\n<meta name=\"robots\" content=\"index, follow, max-snippet:-1, max-image-preview:large, max-video-preview:-1\" \/>\n<link rel=\"canonical\" href=\"https:\/\/tiger-platform.eu\/de\/\" \/>\n<meta property=\"og:locale\" content=\"de_DE\" \/>\n<meta property=\"og:type\" content=\"article\" \/>\n<meta property=\"og:title\" content=\"TIGER\" \/>\n<meta property=\"og:description\" content=\"Informationsplattform \u00fcber die Asiatische Tigerm\u00fccke in der Oberrheinregion\" \/>\n<meta property=\"og:url\" content=\"https:\/\/tiger-platform.eu\/de\/\" \/>\n<meta property=\"og:site_name\" content=\"TIGER\" \/>\n<meta property=\"article:modified_time\" content=\"2020-12-01T09:34:50+00:00\" \/>\n<meta property=\"og:image\" content=\"https:\/\/tiger-platform.eu\/wp-content\/uploads\/2018\/09\/tiger-startseite-header-1254x836.jpg\" \/>\n\t<meta property=\"og:image:width\" content=\"1254\" \/>\n\t<meta property=\"og:image:height\" content=\"836\" \/>\n<meta name=\"twitter:card\" content=\"summary_large_image\" \/>\n<meta name=\"twitter:label1\" content=\"Written by\">\n\t<meta name=\"twitter:data1\" content=\"tiger_admin\">\n<script type=\"application\/ld+json\" class=\"yoast-schema-graph\">{\"@context\":\"https:\/\/schema.org\",\"@graph\":[{\"@type\":\"WebSite\",\"@id\":\"https:\/\/tiger-platform.eu\/#website\",\"url\":\"https:\/\/tiger-platform.eu\/\",\"name\":\"TIGER\",\"description\":\"Informationsplattform \\u00fcber die Asiatische Tigerm\\u00fccke in der Oberrheinregion\",\"potentialAction\":[{\"@type\":\"SearchAction\",\"target\":\"https:\/\/tiger-platform.eu\/?s={search_term_string}\",\"query-input\":\"required name=search_term_string\"}],\"inLanguage\":\"de-DE\"},{\"@type\":\"WebPage\",\"@id\":\"https:\/\/tiger-platform.eu\/de\/#webpage\",\"url\":\"https:\/\/tiger-platform.eu\/de\/\",\"name\":\"TIGER \\u2013 Informationsplattform \\u00fcber die Asiatische Tigerm\\u00fccke\",\"isPartOf\":{\"@id\":\"https:\/\/tiger-platform.eu\/#website\"},\"datePublished\":\"2018-09-11T08:53:09+00:00\",\"dateModified\":\"2020-12-01T09:34:50+00:00\",\"description\":\"TIGER ist ein EU-gef\\u00f6rdertes INTERREG-V Projekt und unterst\\u00fctzt Institutionen, die sich mit gesundheitlichen Risiken der Asiatischen Tigerm\\u00fccke befassen.\",\"inLanguage\":\"de-DE\",\"potentialAction\":[{\"@type\":\"ReadAction\",\"target\":[\"https:\/\/tiger-platform.eu\/de\/\"]}]}]}<\/script>\n<!-- \/ Yoast SEO plugin. -->","_links":{"self":[{"href":"https:\/\/tiger-platform.eu\/de\/wp-json\/wp\/v2\/pages\/5"}],"collection":[{"href":"https:\/\/tiger-platform.eu\/de\/wp-json\/wp\/v2\/pages"}],"about":[{"href":"https:\/\/tiger-platform.eu\/de\/wp-json\/wp\/v2\/types\/page"}],"author":[{"embeddable":true,"href":"https:\/\/tiger-platform.eu\/de\/wp-json\/wp\/v2\/users\/1"}],"replies":[{"embeddable":true,"href":"https:\/\/tiger-platform.eu\/de\/wp-json\/wp\/v2\/comments?post=5"}],"version-history":[{"count":64,"href":"https:\/\/tiger-platform.eu\/de\/wp-json\/wp\/v2\/pages\/5\/revisions"}],"predecessor-version":[{"id":3397,"href":"https:\/\/tiger-platform.eu\/de\/wp-json\/wp\/v2\/pages\/5\/revisions\/3397"}],"wp:attachment":[{"href":"https:\/\/tiger-platform.eu\/de\/wp-json\/wp\/v2\/media?parent=5"}],"curies":[{"name":"wp","href":"https:\/\/api.w.org\/{rel}","templated":true}]}}