{"id":461,"date":"2018-10-09T07:14:04","date_gmt":"2018-10-09T05:14:04","guid":{"rendered":"https:\/\/tiger-platform.eu\/?page_id=461"},"modified":"2021-02-16T16:44:42","modified_gmt":"2021-02-16T15:44:42","slug":"impressum","status":"publish","type":"page","link":"https:\/\/tiger-platform.eu\/de\/impressum\/","title":{"rendered":"Impressum"},"content":{"rendered":"","protected":false},"excerpt":{"rendered":"<p>TIGER Tri-national Initiative Group of Entomology in Upper Rhine valley Syndicat de Lutte contre les Moustiques du Bas-Rhin Anschrift: 19-21, rue de la Premi\u00e8re Arm\u00e9e, F \u2013 67630 Lauterbourg, France info@tiger-platform.eu Verantwortlich f\u00fcr die Ver\u00f6ffentlichung: Universit\u00e9 de Strasbourg \/ Bruno Mathieu, Koordinator des Projekts Anschrift: 3 Rue Koeberl\u00e9 FR-67000 Strasbourg Tel.: +33 (0)3 68 85 55 10 info@tiger-platform.eu www.tiger-platform.eu Konzept, Layout &amp; CMS: Sebastian Th\u00f6nnes thoennes.design Anschrift: Wormser Str. 44 &#8230;<\/p>\n","protected":false},"author":1,"featured_media":0,"parent":0,"menu_order":0,"comment_status":"closed","ping_status":"closed","template":"page-contentblocks.php","meta":[],"yoast_head":"<!-- This site is optimized with the Yoast SEO plugin v15.4 - https:\/\/yoast.com\/wordpress\/plugins\/seo\/ -->\n<title>Impressum - TIGER<\/title>\n<meta name=\"robots\" content=\"index, follow, max-snippet:-1, max-image-preview:large, max-video-preview:-1\" \/>\n<link rel=\"canonical\" href=\"https:\/\/tiger-platform.eu\/de\/impressum\/\" \/>\n<meta property=\"og:locale\" content=\"de_DE\" \/>\n<meta property=\"og:type\" content=\"article\" \/>\n<meta property=\"og:title\" content=\"Impressum - TIGER\" \/>\n<meta property=\"og:description\" content=\"TIGER Tri-national Initiative Group of Entomology in Upper Rhine valley Syndicat de Lutte contre les Moustiques du Bas-Rhin Anschrift: 19-21, rue de la Premi\u00e8re Arm\u00e9e, F \u2013 67630 Lauterbourg, France info@tiger-platform.eu Verantwortlich f\u00fcr die Ver\u00f6ffentlichung: Universit\u00e9 de Strasbourg \/ Bruno Mathieu, Koordinator des Projekts Anschrift: 3 Rue Koeberl\u00e9 FR-67000 Strasbourg Tel.: +33 (0)3 68 85 55 10 info@tiger-platform.eu www.tiger-platform.eu Konzept, Layout &amp; CMS: Sebastian Th\u00f6nnes thoennes.design Anschrift: Wormser Str. 44 ...\" \/>\n<meta property=\"og:url\" content=\"https:\/\/tiger-platform.eu\/de\/impressum\/\" \/>\n<meta property=\"og:site_name\" content=\"TIGER\" \/>\n<meta property=\"article:modified_time\" content=\"2021-02-16T15:44:42+00:00\" \/>\n<meta name=\"twitter:card\" content=\"summary_large_image\" \/>\n<meta name=\"twitter:label1\" content=\"Written by\">\n\t<meta name=\"twitter:data1\" content=\"tiger_admin\">\n<script type=\"application\/ld+json\" class=\"yoast-schema-graph\">{\"@context\":\"https:\/\/schema.org\",\"@graph\":[{\"@type\":\"WebSite\",\"@id\":\"https:\/\/tiger-platform.eu\/#website\",\"url\":\"https:\/\/tiger-platform.eu\/\",\"name\":\"TIGER\",\"description\":\"Informationsplattform \\u00fcber die Asiatische Tigerm\\u00fccke in der Oberrheinregion\",\"potentialAction\":[{\"@type\":\"SearchAction\",\"target\":\"https:\/\/tiger-platform.eu\/?s={search_term_string}\",\"query-input\":\"required name=search_term_string\"}],\"inLanguage\":\"de-DE\"},{\"@type\":\"WebPage\",\"@id\":\"https:\/\/tiger-platform.eu\/de\/impressum\/#webpage\",\"url\":\"https:\/\/tiger-platform.eu\/de\/impressum\/\",\"name\":\"Impressum - TIGER\",\"isPartOf\":{\"@id\":\"https:\/\/tiger-platform.eu\/#website\"},\"datePublished\":\"2018-10-09T05:14:04+00:00\",\"dateModified\":\"2021-02-16T15:44:42+00:00\",\"inLanguage\":\"de-DE\",\"potentialAction\":[{\"@type\":\"ReadAction\",\"target\":[\"https:\/\/tiger-platform.eu\/de\/impressum\/\"]}]}]}<\/script>\n<!-- \/ Yoast SEO plugin. -->","_links":{"self":[{"href":"https:\/\/tiger-platform.eu\/de\/wp-json\/wp\/v2\/pages\/461"}],"collection":[{"href":"https:\/\/tiger-platform.eu\/de\/wp-json\/wp\/v2\/pages"}],"about":[{"href":"https:\/\/tiger-platform.eu\/de\/wp-json\/wp\/v2\/types\/page"}],"author":[{"embeddable":true,"href":"https:\/\/tiger-platform.eu\/de\/wp-json\/wp\/v2\/users\/1"}],"replies":[{"embeddable":true,"href":"https:\/\/tiger-platform.eu\/de\/wp-json\/wp\/v2\/comments?post=461"}],"version-history":[{"count":8,"href":"https:\/\/tiger-platform.eu\/de\/wp-json\/wp\/v2\/pages\/461\/revisions"}],"predecessor-version":[{"id":3446,"href":"https:\/\/tiger-platform.eu\/de\/wp-json\/wp\/v2\/pages\/461\/revisions\/3446"}],"wp:attachment":[{"href":"https:\/\/tiger-platform.eu\/de\/wp-json\/wp\/v2\/media?parent=461"}],"curies":[{"name":"wp","href":"https:\/\/api.w.org\/{rel}","templated":true}]}}