{"id":414,"date":"2018-10-04T21:14:00","date_gmt":"2018-10-04T19:14:00","guid":{"rendered":"https:\/\/tiger-platform.eu\/?page_id=414"},"modified":"2025-03-13T12:37:37","modified_gmt":"2025-03-13T11:37:37","slug":"stechmuecke-melden","status":"publish","type":"page","link":"https:\/\/tiger-platform.eu\/de\/stechmuecke-melden\/","title":{"rendered":"Meldestellen f\u00fcr Tigerm\u00fccken"},"content":{"rendered":"","protected":false},"excerpt":{"rendered":"","protected":false},"author":1,"featured_media":0,"parent":0,"menu_order":0,"comment_status":"closed","ping_status":"closed","template":"page-form.php","meta":[],"yoast_head":"<!-- This site is optimized with the Yoast SEO plugin v15.4 - https:\/\/yoast.com\/wordpress\/plugins\/seo\/ -->\n<title>Meldestellen f\u00fcr Tigerm\u00fccken - TIGER<\/title>\n<meta name=\"description\" content=\"Sie m\u00f6chten eine gefundene invasive Stechm\u00fccke zu uns einsenden oder melden? Unser Kontaktformular dient hierbei als Schritt-f\u00fcr Schritt-Anleitung.\" \/>\n<meta name=\"robots\" content=\"index, follow, max-snippet:-1, max-image-preview:large, max-video-preview:-1\" \/>\n<link rel=\"canonical\" href=\"https:\/\/tiger-platform.eu\/de\/stechmuecke-melden\/\" \/>\n<meta property=\"og:locale\" content=\"de_DE\" \/>\n<meta property=\"og:type\" content=\"article\" \/>\n<meta property=\"og:title\" content=\"Meldestellen f\u00fcr Tigerm\u00fccken - TIGER\" \/>\n<meta property=\"og:description\" content=\"Sie m\u00f6chten eine gefundene invasive Stechm\u00fccke zu uns einsenden oder melden? Unser Kontaktformular dient hierbei als Schritt-f\u00fcr Schritt-Anleitung.\" \/>\n<meta property=\"og:url\" content=\"https:\/\/tiger-platform.eu\/de\/stechmuecke-melden\/\" \/>\n<meta property=\"og:site_name\" content=\"TIGER\" \/>\n<meta property=\"article:modified_time\" content=\"2025-03-13T11:37:37+00:00\" \/>\n<meta name=\"twitter:card\" content=\"summary_large_image\" \/>\n<meta name=\"twitter:label1\" content=\"Written by\">\n\t<meta name=\"twitter:data1\" content=\"tiger_admin\">\n<script type=\"application\/ld+json\" class=\"yoast-schema-graph\">{\"@context\":\"https:\/\/schema.org\",\"@graph\":[{\"@type\":\"WebSite\",\"@id\":\"https:\/\/tiger-platform.eu\/#website\",\"url\":\"https:\/\/tiger-platform.eu\/\",\"name\":\"TIGER\",\"description\":\"Informationsplattform \\u00fcber die Asiatische Tigerm\\u00fccke in der Oberrheinregion\",\"potentialAction\":[{\"@type\":\"SearchAction\",\"target\":\"https:\/\/tiger-platform.eu\/?s={search_term_string}\",\"query-input\":\"required name=search_term_string\"}],\"inLanguage\":\"de-DE\"},{\"@type\":\"WebPage\",\"@id\":\"https:\/\/tiger-platform.eu\/de\/stechmuecke-melden\/#webpage\",\"url\":\"https:\/\/tiger-platform.eu\/de\/stechmuecke-melden\/\",\"name\":\"Meldestellen f\\u00fcr Tigerm\\u00fccken - TIGER\",\"isPartOf\":{\"@id\":\"https:\/\/tiger-platform.eu\/#website\"},\"datePublished\":\"2018-10-04T19:14:00+00:00\",\"dateModified\":\"2025-03-13T11:37:37+00:00\",\"description\":\"Sie m\\u00f6chten eine gefundene invasive Stechm\\u00fccke zu uns einsenden oder melden? Unser Kontaktformular dient hierbei als Schritt-f\\u00fcr Schritt-Anleitung.\",\"inLanguage\":\"de-DE\",\"potentialAction\":[{\"@type\":\"ReadAction\",\"target\":[\"https:\/\/tiger-platform.eu\/de\/stechmuecke-melden\/\"]}]}]}<\/script>\n<!-- \/ Yoast SEO plugin. -->","_links":{"self":[{"href":"https:\/\/tiger-platform.eu\/de\/wp-json\/wp\/v2\/pages\/414"}],"collection":[{"href":"https:\/\/tiger-platform.eu\/de\/wp-json\/wp\/v2\/pages"}],"about":[{"href":"https:\/\/tiger-platform.eu\/de\/wp-json\/wp\/v2\/types\/page"}],"author":[{"embeddable":true,"href":"https:\/\/tiger-platform.eu\/de\/wp-json\/wp\/v2\/users\/1"}],"replies":[{"embeddable":true,"href":"https:\/\/tiger-platform.eu\/de\/wp-json\/wp\/v2\/comments?post=414"}],"version-history":[{"count":41,"href":"https:\/\/tiger-platform.eu\/de\/wp-json\/wp\/v2\/pages\/414\/revisions"}],"predecessor-version":[{"id":3491,"href":"https:\/\/tiger-platform.eu\/de\/wp-json\/wp\/v2\/pages\/414\/revisions\/3491"}],"wp:attachment":[{"href":"https:\/\/tiger-platform.eu\/de\/wp-json\/wp\/v2\/media?parent=414"}],"curies":[{"name":"wp","href":"https:\/\/api.w.org\/{rel}","templated":true}]}}