{"id":3287,"date":"2020-12-01T09:50:01","date_gmt":"2020-12-01T08:50:01","guid":{"rendered":"https:\/\/tiger-platform.eu\/?page_id=3287"},"modified":"2020-12-01T10:55:20","modified_gmt":"2020-12-01T09:55:20","slug":"identifikations-tools","status":"publish","type":"page","link":"https:\/\/tiger-platform.eu\/de\/ueber-tiger\/identifikations-tools\/","title":{"rendered":"Identifikations-Tools"},"content":{"rendered":"","protected":false},"excerpt":{"rendered":"<p>Die Asiatische Tigerm\u00fccke kann mit anderen exotischen und einheimischen Stechm\u00fcckenarten verwechselt werden. Um einen \u00dcberblick \u00fcber h\u00e4ufige Arten der Oberrheinregion zu geben und um morphologische Unterschiede zwischen diesen vorzustellen, bietet TIGER einen interaktiven Bestimmungsschl\u00fcssel und zweisprachige Informationsdokumente an. Der interaktive Bestimmungsschl\u00fcssel wurde im Rahmen einer Prezi-Pr\u00e4sentation realisiert und steht zur freien Nutzung zur Verf\u00fcgung: Bestimmungsschl\u00fcssel f\u00fcr Stechm\u00fccken-Arten der Oberrheinregion F\u00fcr 15 der h\u00e4ufigsten Stechm\u00fcckenarten in der Oberrheinregion wurden au\u00dferdem Arten-Informations-Bl\u00e4tter &#8230;<\/p>\n","protected":false},"author":5,"featured_media":0,"parent":139,"menu_order":0,"comment_status":"closed","ping_status":"closed","template":"page-contentblocks.php","meta":[],"yoast_head":"<!-- This site is optimized with the Yoast SEO plugin v15.4 - https:\/\/yoast.com\/wordpress\/plugins\/seo\/ -->\n<title>Identifikations-Tools - TIGER<\/title>\n<meta name=\"robots\" content=\"index, follow, max-snippet:-1, max-image-preview:large, max-video-preview:-1\" \/>\n<link rel=\"canonical\" href=\"https:\/\/tiger-platform.eu\/de\/ueber-tiger\/identifikations-tools\/\" \/>\n<meta property=\"og:locale\" content=\"de_DE\" \/>\n<meta property=\"og:type\" content=\"article\" \/>\n<meta property=\"og:title\" content=\"Identifikations-Tools - TIGER\" \/>\n<meta property=\"og:description\" content=\"Die Asiatische Tigerm\u00fccke kann mit anderen exotischen und einheimischen Stechm\u00fcckenarten verwechselt werden. Um einen \u00dcberblick \u00fcber h\u00e4ufige Arten der Oberrheinregion zu geben und um morphologische Unterschiede zwischen diesen vorzustellen, bietet TIGER einen interaktiven Bestimmungsschl\u00fcssel und zweisprachige Informationsdokumente an. Der interaktive Bestimmungsschl\u00fcssel wurde im Rahmen einer Prezi-Pr\u00e4sentation realisiert und steht zur freien Nutzung zur Verf\u00fcgung: Bestimmungsschl\u00fcssel f\u00fcr Stechm\u00fccken-Arten der Oberrheinregion F\u00fcr 15 der h\u00e4ufigsten Stechm\u00fcckenarten in der Oberrheinregion wurden au\u00dferdem Arten-Informations-Bl\u00e4tter ...\" \/>\n<meta property=\"og:url\" content=\"https:\/\/tiger-platform.eu\/de\/ueber-tiger\/identifikations-tools\/\" \/>\n<meta property=\"og:site_name\" content=\"TIGER\" \/>\n<meta property=\"article:modified_time\" content=\"2020-12-01T09:55:20+00:00\" \/>\n<meta name=\"twitter:card\" content=\"summary_large_image\" \/>\n<meta name=\"twitter:label1\" content=\"Written by\">\n\t<meta name=\"twitter:data1\" content=\"Xenia Augsten\">\n<script type=\"application\/ld+json\" class=\"yoast-schema-graph\">{\"@context\":\"https:\/\/schema.org\",\"@graph\":[{\"@type\":\"WebSite\",\"@id\":\"https:\/\/tiger-platform.eu\/#website\",\"url\":\"https:\/\/tiger-platform.eu\/\",\"name\":\"TIGER\",\"description\":\"Informationsplattform \\u00fcber die Asiatische Tigerm\\u00fccke in der Oberrheinregion\",\"potentialAction\":[{\"@type\":\"SearchAction\",\"target\":\"https:\/\/tiger-platform.eu\/?s={search_term_string}\",\"query-input\":\"required name=search_term_string\"}],\"inLanguage\":\"de-DE\"},{\"@type\":\"WebPage\",\"@id\":\"https:\/\/tiger-platform.eu\/de\/ueber-tiger\/identifikations-tools\/#webpage\",\"url\":\"https:\/\/tiger-platform.eu\/de\/ueber-tiger\/identifikations-tools\/\",\"name\":\"Identifikations-Tools - TIGER\",\"isPartOf\":{\"@id\":\"https:\/\/tiger-platform.eu\/#website\"},\"datePublished\":\"2020-12-01T08:50:01+00:00\",\"dateModified\":\"2020-12-01T09:55:20+00:00\",\"inLanguage\":\"de-DE\",\"potentialAction\":[{\"@type\":\"ReadAction\",\"target\":[\"https:\/\/tiger-platform.eu\/de\/ueber-tiger\/identifikations-tools\/\"]}]}]}<\/script>\n<!-- \/ Yoast SEO plugin. -->","_links":{"self":[{"href":"https:\/\/tiger-platform.eu\/de\/wp-json\/wp\/v2\/pages\/3287"}],"collection":[{"href":"https:\/\/tiger-platform.eu\/de\/wp-json\/wp\/v2\/pages"}],"about":[{"href":"https:\/\/tiger-platform.eu\/de\/wp-json\/wp\/v2\/types\/page"}],"author":[{"embeddable":true,"href":"https:\/\/tiger-platform.eu\/de\/wp-json\/wp\/v2\/users\/5"}],"replies":[{"embeddable":true,"href":"https:\/\/tiger-platform.eu\/de\/wp-json\/wp\/v2\/comments?post=3287"}],"version-history":[{"count":7,"href":"https:\/\/tiger-platform.eu\/de\/wp-json\/wp\/v2\/pages\/3287\/revisions"}],"predecessor-version":[{"id":3403,"href":"https:\/\/tiger-platform.eu\/de\/wp-json\/wp\/v2\/pages\/3287\/revisions\/3403"}],"up":[{"embeddable":true,"href":"https:\/\/tiger-platform.eu\/de\/wp-json\/wp\/v2\/pages\/139"}],"wp:attachment":[{"href":"https:\/\/tiger-platform.eu\/de\/wp-json\/wp\/v2\/media?parent=3287"}],"curies":[{"name":"wp","href":"https:\/\/api.w.org\/{rel}","templated":true}]}}