{"id":2907,"date":"2020-03-05T15:24:04","date_gmt":"2020-03-05T14:24:04","guid":{"rendered":"https:\/\/tiger-platform.eu\/?page_id=2907"},"modified":"2020-05-18T11:55:54","modified_gmt":"2020-05-18T09:55:54","slug":"brutstaetten","status":"publish","type":"page","link":"https:\/\/tiger-platform.eu\/de\/asiatische-tigermuecke\/brutstaetten\/","title":{"rendered":"Brutst\u00e4tten"},"content":{"rendered":"","protected":false},"excerpt":{"rendered":"<p>Brutst\u00e4tten Vielfalt Die Asiatische Tigerm\u00fccke nutzt eine gro\u00dfe Anzahl unterschiedlicher k\u00fcnstlicher und nat\u00fcrlicher Brutst\u00e4tten [1]. Die Wahl wird dabei durch Faktoren wie Licht oder Wassertemperatur beeinflusst [2]. Als urspr\u00fcngliche Waldstechm\u00fccken-Art die in Dendrotelmen (Phytotelmen) br\u00fctet [3], hat sich die Art durch die Zerst\u00f6rung ihres nat\u00fcrlichen Lebensraum zu einem &#8220;Kulturfolger&#8221; des Menschen entwickelt. Neben nat\u00fcrlichen Brutst\u00e4tten wie Baumh\u00f6hlen, Bambusst\u00fcmpfen, Kokosnussschalen oder Blattachseln [4], greift Aedes albopictus auch auf nahezu alle Formen &#8230;<\/p>\n","protected":false},"author":5,"featured_media":0,"parent":25,"menu_order":0,"comment_status":"closed","ping_status":"closed","template":"page-contentblocks.php","meta":[],"yoast_head":"<!-- This site is optimized with the Yoast SEO plugin v15.4 - https:\/\/yoast.com\/wordpress\/plugins\/seo\/ -->\n<title>Brutst\u00e4tten - TIGER<\/title>\n<meta name=\"robots\" content=\"index, follow, max-snippet:-1, max-image-preview:large, max-video-preview:-1\" \/>\n<link rel=\"canonical\" href=\"https:\/\/tiger-platform.eu\/de\/asiatische-tigermuecke\/brutstaetten\/\" \/>\n<meta property=\"og:locale\" content=\"de_DE\" \/>\n<meta property=\"og:type\" content=\"article\" \/>\n<meta property=\"og:title\" content=\"Brutst\u00e4tten - TIGER\" \/>\n<meta property=\"og:description\" content=\"Brutst\u00e4tten Vielfalt Die Asiatische Tigerm\u00fccke nutzt eine gro\u00dfe Anzahl unterschiedlicher k\u00fcnstlicher und nat\u00fcrlicher Brutst\u00e4tten [1]. Die Wahl wird dabei durch Faktoren wie Licht oder Wassertemperatur beeinflusst [2]. Als urspr\u00fcngliche Waldstechm\u00fccken-Art die in Dendrotelmen (Phytotelmen) br\u00fctet [3], hat sich die Art durch die Zerst\u00f6rung ihres nat\u00fcrlichen Lebensraum zu einem &#8220;Kulturfolger&#8221; des Menschen entwickelt. Neben nat\u00fcrlichen Brutst\u00e4tten wie Baumh\u00f6hlen, Bambusst\u00fcmpfen, Kokosnussschalen oder Blattachseln [4], greift Aedes albopictus auch auf nahezu alle Formen ...\" \/>\n<meta property=\"og:url\" content=\"https:\/\/tiger-platform.eu\/de\/asiatische-tigermuecke\/brutstaetten\/\" \/>\n<meta property=\"og:site_name\" content=\"TIGER\" \/>\n<meta property=\"article:modified_time\" content=\"2020-05-18T09:55:54+00:00\" \/>\n<meta name=\"twitter:card\" content=\"summary_large_image\" \/>\n<meta name=\"twitter:label1\" content=\"Written by\">\n\t<meta name=\"twitter:data1\" content=\"Xenia Augsten\">\n<script type=\"application\/ld+json\" class=\"yoast-schema-graph\">{\"@context\":\"https:\/\/schema.org\",\"@graph\":[{\"@type\":\"WebSite\",\"@id\":\"https:\/\/tiger-platform.eu\/#website\",\"url\":\"https:\/\/tiger-platform.eu\/\",\"name\":\"TIGER\",\"description\":\"Informationsplattform \\u00fcber die Asiatische Tigerm\\u00fccke in der Oberrheinregion\",\"potentialAction\":[{\"@type\":\"SearchAction\",\"target\":\"https:\/\/tiger-platform.eu\/?s={search_term_string}\",\"query-input\":\"required name=search_term_string\"}],\"inLanguage\":\"de-DE\"},{\"@type\":\"WebPage\",\"@id\":\"https:\/\/tiger-platform.eu\/de\/asiatische-tigermuecke\/brutstaetten\/#webpage\",\"url\":\"https:\/\/tiger-platform.eu\/de\/asiatische-tigermuecke\/brutstaetten\/\",\"name\":\"Brutst\\u00e4tten - TIGER\",\"isPartOf\":{\"@id\":\"https:\/\/tiger-platform.eu\/#website\"},\"datePublished\":\"2020-03-05T14:24:04+00:00\",\"dateModified\":\"2020-05-18T09:55:54+00:00\",\"inLanguage\":\"de-DE\",\"potentialAction\":[{\"@type\":\"ReadAction\",\"target\":[\"https:\/\/tiger-platform.eu\/de\/asiatische-tigermuecke\/brutstaetten\/\"]}]}]}<\/script>\n<!-- \/ Yoast SEO plugin. -->","_links":{"self":[{"href":"https:\/\/tiger-platform.eu\/de\/wp-json\/wp\/v2\/pages\/2907"}],"collection":[{"href":"https:\/\/tiger-platform.eu\/de\/wp-json\/wp\/v2\/pages"}],"about":[{"href":"https:\/\/tiger-platform.eu\/de\/wp-json\/wp\/v2\/types\/page"}],"author":[{"embeddable":true,"href":"https:\/\/tiger-platform.eu\/de\/wp-json\/wp\/v2\/users\/5"}],"replies":[{"embeddable":true,"href":"https:\/\/tiger-platform.eu\/de\/wp-json\/wp\/v2\/comments?post=2907"}],"version-history":[{"count":18,"href":"https:\/\/tiger-platform.eu\/de\/wp-json\/wp\/v2\/pages\/2907\/revisions"}],"predecessor-version":[{"id":3173,"href":"https:\/\/tiger-platform.eu\/de\/wp-json\/wp\/v2\/pages\/2907\/revisions\/3173"}],"up":[{"embeddable":true,"href":"https:\/\/tiger-platform.eu\/de\/wp-json\/wp\/v2\/pages\/25"}],"wp:attachment":[{"href":"https:\/\/tiger-platform.eu\/de\/wp-json\/wp\/v2\/media?parent=2907"}],"curies":[{"name":"wp","href":"https:\/\/api.w.org\/{rel}","templated":true}]}}