{"id":274,"date":"2018-09-25T21:25:15","date_gmt":"2018-09-25T19:25:15","guid":{"rendered":"https:\/\/tiger-platform.eu\/?page_id=274"},"modified":"2020-03-18T13:20:46","modified_gmt":"2020-03-18T12:20:46","slug":"biologie","status":"publish","type":"page","link":"https:\/\/tiger-platform.eu\/de\/asiatische-tigermuecke\/biologie\/","title":{"rendered":"Biologie"},"content":{"rendered":"","protected":false},"excerpt":{"rendered":"<p>Die Asiatische Tigerm\u00fccke (Aedes albopictus) m\u00e4nnchen (links) und weibchen (rechts) Die Asiatische Tigerm\u00fccke Aedes albopictus wurde erstmals von Skuse 1894 beschrieben [1]. Sie gliedert sich in die Familie der Stechm\u00fccken (Culicidae) mit ihren ungef\u00e4hr 3550 Arten [2] ein. Klassifizierung Reich: Animalia (Tiere) Stamm: Arthropoda (Gliederf\u00fc\u00dfer) Klasse: Insecta (Insekten) Ordnung: Diptera (Zweifl\u00fcgler) Unterordnung: Nematocera (M\u00fccken) Familie: Culicidae (Stechm\u00fccken) Gattung: Aedes Art: albopictus (Asiatische Tigerm\u00fccke) Morphologie Mit einer Gr\u00f6\u00dfe von 3,5 \u2013 &#8230;<\/p>\n","protected":false},"author":1,"featured_media":0,"parent":25,"menu_order":0,"comment_status":"closed","ping_status":"closed","template":"page-contentblocks.php","meta":[],"yoast_head":"<!-- This site is optimized with the Yoast SEO plugin v15.4 - https:\/\/yoast.com\/wordpress\/plugins\/seo\/ -->\n<title>Biologie der Asiatischen Tigerm\u00fccke - TIGER<\/title>\n<meta name=\"description\" content=\"W\u00e4hrend ihrer Entwicklung durchlaufen Asiatische Tiger\u00fccken eine Metamorphose und sind in ihren Larvenstadien auf einen aquatischen Lebensraum angewiesen\" \/>\n<meta name=\"robots\" content=\"index, follow, max-snippet:-1, max-image-preview:large, max-video-preview:-1\" \/>\n<link rel=\"canonical\" href=\"https:\/\/tiger-platform.eu\/de\/asiatische-tigermuecke\/biologie\/\" \/>\n<meta property=\"og:locale\" content=\"de_DE\" \/>\n<meta property=\"og:type\" content=\"article\" \/>\n<meta property=\"og:title\" content=\"Biologie der Asiatischen Tigerm\u00fccke - TIGER\" \/>\n<meta property=\"og:description\" content=\"W\u00e4hrend ihrer Entwicklung durchlaufen Asiatische Tiger\u00fccken eine Metamorphose und sind in ihren Larvenstadien auf einen aquatischen Lebensraum angewiesen\" \/>\n<meta property=\"og:url\" content=\"https:\/\/tiger-platform.eu\/de\/asiatische-tigermuecke\/biologie\/\" \/>\n<meta property=\"og:site_name\" content=\"TIGER\" \/>\n<meta property=\"article:modified_time\" content=\"2020-03-18T12:20:46+00:00\" \/>\n<meta name=\"twitter:card\" content=\"summary_large_image\" \/>\n<meta name=\"twitter:label1\" content=\"Written by\">\n\t<meta name=\"twitter:data1\" content=\"tiger_admin\">\n<script type=\"application\/ld+json\" class=\"yoast-schema-graph\">{\"@context\":\"https:\/\/schema.org\",\"@graph\":[{\"@type\":\"WebSite\",\"@id\":\"https:\/\/tiger-platform.eu\/#website\",\"url\":\"https:\/\/tiger-platform.eu\/\",\"name\":\"TIGER\",\"description\":\"Informationsplattform \\u00fcber die Asiatische Tigerm\\u00fccke in der Oberrheinregion\",\"potentialAction\":[{\"@type\":\"SearchAction\",\"target\":\"https:\/\/tiger-platform.eu\/?s={search_term_string}\",\"query-input\":\"required name=search_term_string\"}],\"inLanguage\":\"de-DE\"},{\"@type\":\"WebPage\",\"@id\":\"https:\/\/tiger-platform.eu\/de\/asiatische-tigermuecke\/biologie\/#webpage\",\"url\":\"https:\/\/tiger-platform.eu\/de\/asiatische-tigermuecke\/biologie\/\",\"name\":\"Biologie der Asiatischen Tigerm\\u00fccke - TIGER\",\"isPartOf\":{\"@id\":\"https:\/\/tiger-platform.eu\/#website\"},\"datePublished\":\"2018-09-25T19:25:15+00:00\",\"dateModified\":\"2020-03-18T12:20:46+00:00\",\"description\":\"W\\u00e4hrend ihrer Entwicklung durchlaufen Asiatische Tiger\\u00fccken eine Metamorphose und sind in ihren Larvenstadien auf einen aquatischen Lebensraum angewiesen\",\"inLanguage\":\"de-DE\",\"potentialAction\":[{\"@type\":\"ReadAction\",\"target\":[\"https:\/\/tiger-platform.eu\/de\/asiatische-tigermuecke\/biologie\/\"]}]}]}<\/script>\n<!-- \/ Yoast SEO plugin. -->","_links":{"self":[{"href":"https:\/\/tiger-platform.eu\/de\/wp-json\/wp\/v2\/pages\/274"}],"collection":[{"href":"https:\/\/tiger-platform.eu\/de\/wp-json\/wp\/v2\/pages"}],"about":[{"href":"https:\/\/tiger-platform.eu\/de\/wp-json\/wp\/v2\/types\/page"}],"author":[{"embeddable":true,"href":"https:\/\/tiger-platform.eu\/de\/wp-json\/wp\/v2\/users\/1"}],"replies":[{"embeddable":true,"href":"https:\/\/tiger-platform.eu\/de\/wp-json\/wp\/v2\/comments?post=274"}],"version-history":[{"count":40,"href":"https:\/\/tiger-platform.eu\/de\/wp-json\/wp\/v2\/pages\/274\/revisions"}],"predecessor-version":[{"id":3012,"href":"https:\/\/tiger-platform.eu\/de\/wp-json\/wp\/v2\/pages\/274\/revisions\/3012"}],"up":[{"embeddable":true,"href":"https:\/\/tiger-platform.eu\/de\/wp-json\/wp\/v2\/pages\/25"}],"wp:attachment":[{"href":"https:\/\/tiger-platform.eu\/de\/wp-json\/wp\/v2\/media?parent=274"}],"curies":[{"name":"wp","href":"https:\/\/api.w.org\/{rel}","templated":true}]}}