{"id":2151,"date":"2019-07-15T14:04:18","date_gmt":"2019-07-15T12:04:18","guid":{"rendered":"https:\/\/tiger-platform.eu\/?page_id=2151"},"modified":"2024-08-20T07:29:26","modified_gmt":"2024-08-20T05:29:26","slug":"erkennen","status":"publish","type":"page","link":"https:\/\/tiger-platform.eu\/de\/asiatische-tigermuecke\/erkennen\/","title":{"rendered":"Erkennungsmerkmale"},"content":{"rendered":"","protected":false},"excerpt":{"rendered":"<p>Gr\u00f6\u00dfe einer Asiatischen Tigerm\u00fccke Die Asiatische Tigerm\u00fccke Aedes albopictus wurde erstmals von Skuse 1894 beschrieben [1]. Sie gliedert sich in die Familie der Stechm\u00fccken (Culicidae) mit ihren ungef\u00e4hr 3550 Arten [2] ein. Mit einer Gr\u00f6\u00dfe von 3,5 \u2013 bis 8 mm [1] geh\u00f6rt Aedes albopictus zu den kleinen bis mittelgro\u00dfen Stechm\u00fcckenarten [3]. Besonders durch ihre tiefschwarze F\u00e4rbung [4] lassen sich Exemplare der Art von anderen Stechm\u00fccken unterscheiden. Durch ihre kleine &#8230;<\/p>\n","protected":false},"author":5,"featured_media":0,"parent":25,"menu_order":0,"comment_status":"closed","ping_status":"closed","template":"page-contentblocks.php","meta":[],"yoast_head":"<!-- This site is optimized with the Yoast SEO plugin v15.4 - https:\/\/yoast.com\/wordpress\/plugins\/seo\/ -->\n<title>Erkennungsmerkmale - TIGER<\/title>\n<meta name=\"description\" content=\"Mit einer Gr\u00f6\u00dfe von 3,5 \u2013 bis 8 mm geh\u00f6rt Aedes albopictus zu den kleinen bis mittelgro\u00dfen Stechm\u00fcckenarten. Besonders durch ihre tiefschwarze F\u00e4rbung lassen sich Exemplare der Art von anderen Stechm\u00fccken unterscheiden.\" \/>\n<meta name=\"robots\" content=\"index, follow, max-snippet:-1, max-image-preview:large, max-video-preview:-1\" \/>\n<link rel=\"canonical\" href=\"https:\/\/tiger-platform.eu\/de\/asiatische-tigermuecke\/erkennen\/\" \/>\n<meta property=\"og:locale\" content=\"de_DE\" \/>\n<meta property=\"og:type\" content=\"article\" \/>\n<meta property=\"og:title\" content=\"Erkennungsmerkmale - TIGER\" \/>\n<meta property=\"og:description\" content=\"Mit einer Gr\u00f6\u00dfe von 3,5 \u2013 bis 8 mm geh\u00f6rt Aedes albopictus zu den kleinen bis mittelgro\u00dfen Stechm\u00fcckenarten. Besonders durch ihre tiefschwarze F\u00e4rbung lassen sich Exemplare der Art von anderen Stechm\u00fccken unterscheiden.\" \/>\n<meta property=\"og:url\" content=\"https:\/\/tiger-platform.eu\/de\/asiatische-tigermuecke\/erkennen\/\" \/>\n<meta property=\"og:site_name\" content=\"TIGER\" \/>\n<meta property=\"article:modified_time\" content=\"2024-08-20T05:29:26+00:00\" \/>\n<meta name=\"twitter:card\" content=\"summary_large_image\" \/>\n<meta name=\"twitter:label1\" content=\"Written by\">\n\t<meta name=\"twitter:data1\" content=\"Xenia Augsten\">\n<script type=\"application\/ld+json\" class=\"yoast-schema-graph\">{\"@context\":\"https:\/\/schema.org\",\"@graph\":[{\"@type\":\"WebSite\",\"@id\":\"https:\/\/tiger-platform.eu\/#website\",\"url\":\"https:\/\/tiger-platform.eu\/\",\"name\":\"TIGER\",\"description\":\"Informationsplattform \\u00fcber die Asiatische Tigerm\\u00fccke in der Oberrheinregion\",\"potentialAction\":[{\"@type\":\"SearchAction\",\"target\":\"https:\/\/tiger-platform.eu\/?s={search_term_string}\",\"query-input\":\"required name=search_term_string\"}],\"inLanguage\":\"de-DE\"},{\"@type\":\"WebPage\",\"@id\":\"https:\/\/tiger-platform.eu\/de\/asiatische-tigermuecke\/erkennen\/#webpage\",\"url\":\"https:\/\/tiger-platform.eu\/de\/asiatische-tigermuecke\/erkennen\/\",\"name\":\"Erkennungsmerkmale - TIGER\",\"isPartOf\":{\"@id\":\"https:\/\/tiger-platform.eu\/#website\"},\"datePublished\":\"2019-07-15T12:04:18+00:00\",\"dateModified\":\"2024-08-20T05:29:26+00:00\",\"description\":\"Mit einer Gr\\u00f6\\u00dfe von 3,5 \\u2013 bis 8 mm geh\\u00f6rt Aedes albopictus zu den kleinen bis mittelgro\\u00dfen Stechm\\u00fcckenarten. Besonders durch ihre tiefschwarze F\\u00e4rbung lassen sich Exemplare der Art von anderen Stechm\\u00fccken unterscheiden.\",\"inLanguage\":\"de-DE\",\"potentialAction\":[{\"@type\":\"ReadAction\",\"target\":[\"https:\/\/tiger-platform.eu\/de\/asiatische-tigermuecke\/erkennen\/\"]}]}]}<\/script>\n<!-- \/ Yoast SEO plugin. -->","_links":{"self":[{"href":"https:\/\/tiger-platform.eu\/de\/wp-json\/wp\/v2\/pages\/2151"}],"collection":[{"href":"https:\/\/tiger-platform.eu\/de\/wp-json\/wp\/v2\/pages"}],"about":[{"href":"https:\/\/tiger-platform.eu\/de\/wp-json\/wp\/v2\/types\/page"}],"author":[{"embeddable":true,"href":"https:\/\/tiger-platform.eu\/de\/wp-json\/wp\/v2\/users\/5"}],"replies":[{"embeddable":true,"href":"https:\/\/tiger-platform.eu\/de\/wp-json\/wp\/v2\/comments?post=2151"}],"version-history":[{"count":41,"href":"https:\/\/tiger-platform.eu\/de\/wp-json\/wp\/v2\/pages\/2151\/revisions"}],"predecessor-version":[{"id":3487,"href":"https:\/\/tiger-platform.eu\/de\/wp-json\/wp\/v2\/pages\/2151\/revisions\/3487"}],"up":[{"embeddable":true,"href":"https:\/\/tiger-platform.eu\/de\/wp-json\/wp\/v2\/pages\/25"}],"wp:attachment":[{"href":"https:\/\/tiger-platform.eu\/de\/wp-json\/wp\/v2\/media?parent=2151"}],"curies":[{"name":"wp","href":"https:\/\/api.w.org\/{rel}","templated":true}]}}