{"id":210,"date":"2018-09-25T16:28:49","date_gmt":"2018-09-25T14:28:49","guid":{"rendered":"https:\/\/tiger-platform.eu\/?page_id=210"},"modified":"2019-05-29T14:33:12","modified_gmt":"2019-05-29T12:33:12","slug":"risiko","status":"publish","type":"page","link":"https:\/\/tiger-platform.eu\/de\/asiatische-tigermuecke\/risiko\/","title":{"rendered":"Risiko"},"content":{"rendered":"","protected":false},"excerpt":{"rendered":"<p>Lebensqualit\u00e4t Durch ein stetiges Stechverhalten \u00fcber den gesamten Tag mit deutlich hoher Stechaktivit\u00e4t zwischen Nachmittags und Abends [1] kann die Asiatische Tigerm\u00fccke schnell als l\u00e4stig empfunden werden, insbesondere durch das andauernde aggressive Verhalten, was sie dabei zeigt um am eine Blutmahlzeit zu gelangen. Treten nahe einer g\u00fcnstigen Brutst\u00e4tte im eigenen Garten viele weibliche Tiere gleichzeitig auf, kann hier durchaus von einer Minderung der Lebensqualit\u00e4t gesprochen werden. Medizinische Relevanz Neben der &#8230;<\/p>\n","protected":false},"author":1,"featured_media":0,"parent":25,"menu_order":0,"comment_status":"closed","ping_status":"closed","template":"page-contentblocks.php","meta":[],"yoast_head":"<!-- This site is optimized with the Yoast SEO plugin v15.4 - https:\/\/yoast.com\/wordpress\/plugins\/seo\/ -->\n<title>Medizinische Relevanz der Asiatischen Tigerm\u00fccke - TIGER<\/title>\n<meta name=\"description\" content=\"Neben der nahverwandten Gelbfieberm\u00fccke (Aedes aegypti) ist die Asiatische Tigerm\u00fccke einer der wichtigsten \u00dcbertr\u00e4ger von Arboviren.\" \/>\n<meta name=\"robots\" content=\"index, follow, max-snippet:-1, max-image-preview:large, max-video-preview:-1\" \/>\n<link rel=\"canonical\" href=\"https:\/\/tiger-platform.eu\/de\/asiatische-tigermuecke\/risiko\/\" \/>\n<meta property=\"og:locale\" content=\"de_DE\" \/>\n<meta property=\"og:type\" content=\"article\" \/>\n<meta property=\"og:title\" content=\"Medizinische Relevanz der Asiatischen Tigerm\u00fccke - TIGER\" \/>\n<meta property=\"og:description\" content=\"Neben der nahverwandten Gelbfieberm\u00fccke (Aedes aegypti) ist die Asiatische Tigerm\u00fccke einer der wichtigsten \u00dcbertr\u00e4ger von Arboviren.\" \/>\n<meta property=\"og:url\" content=\"https:\/\/tiger-platform.eu\/de\/asiatische-tigermuecke\/risiko\/\" \/>\n<meta property=\"og:site_name\" content=\"TIGER\" \/>\n<meta property=\"article:modified_time\" content=\"2019-05-29T12:33:12+00:00\" \/>\n<meta name=\"twitter:card\" content=\"summary_large_image\" \/>\n<meta name=\"twitter:label1\" content=\"Written by\">\n\t<meta name=\"twitter:data1\" content=\"tiger_admin\">\n<script type=\"application\/ld+json\" class=\"yoast-schema-graph\">{\"@context\":\"https:\/\/schema.org\",\"@graph\":[{\"@type\":\"WebSite\",\"@id\":\"https:\/\/tiger-platform.eu\/#website\",\"url\":\"https:\/\/tiger-platform.eu\/\",\"name\":\"TIGER\",\"description\":\"Informationsplattform \\u00fcber die Asiatische Tigerm\\u00fccke in der Oberrheinregion\",\"potentialAction\":[{\"@type\":\"SearchAction\",\"target\":\"https:\/\/tiger-platform.eu\/?s={search_term_string}\",\"query-input\":\"required name=search_term_string\"}],\"inLanguage\":\"de-DE\"},{\"@type\":\"WebPage\",\"@id\":\"https:\/\/tiger-platform.eu\/de\/asiatische-tigermuecke\/risiko\/#webpage\",\"url\":\"https:\/\/tiger-platform.eu\/de\/asiatische-tigermuecke\/risiko\/\",\"name\":\"Medizinische Relevanz der Asiatischen Tigerm\\u00fccke - TIGER\",\"isPartOf\":{\"@id\":\"https:\/\/tiger-platform.eu\/#website\"},\"datePublished\":\"2018-09-25T14:28:49+00:00\",\"dateModified\":\"2019-05-29T12:33:12+00:00\",\"description\":\"Neben der nahverwandten Gelbfieberm\\u00fccke (Aedes aegypti) ist die Asiatische Tigerm\\u00fccke einer der wichtigsten \\u00dcbertr\\u00e4ger von Arboviren.\",\"inLanguage\":\"de-DE\",\"potentialAction\":[{\"@type\":\"ReadAction\",\"target\":[\"https:\/\/tiger-platform.eu\/de\/asiatische-tigermuecke\/risiko\/\"]}]}]}<\/script>\n<!-- \/ Yoast SEO plugin. -->","_links":{"self":[{"href":"https:\/\/tiger-platform.eu\/de\/wp-json\/wp\/v2\/pages\/210"}],"collection":[{"href":"https:\/\/tiger-platform.eu\/de\/wp-json\/wp\/v2\/pages"}],"about":[{"href":"https:\/\/tiger-platform.eu\/de\/wp-json\/wp\/v2\/types\/page"}],"author":[{"embeddable":true,"href":"https:\/\/tiger-platform.eu\/de\/wp-json\/wp\/v2\/users\/1"}],"replies":[{"embeddable":true,"href":"https:\/\/tiger-platform.eu\/de\/wp-json\/wp\/v2\/comments?post=210"}],"version-history":[{"count":24,"href":"https:\/\/tiger-platform.eu\/de\/wp-json\/wp\/v2\/pages\/210\/revisions"}],"predecessor-version":[{"id":1918,"href":"https:\/\/tiger-platform.eu\/de\/wp-json\/wp\/v2\/pages\/210\/revisions\/1918"}],"up":[{"embeddable":true,"href":"https:\/\/tiger-platform.eu\/de\/wp-json\/wp\/v2\/pages\/25"}],"wp:attachment":[{"href":"https:\/\/tiger-platform.eu\/de\/wp-json\/wp\/v2\/media?parent=210"}],"curies":[{"name":"wp","href":"https:\/\/api.w.org\/{rel}","templated":true}]}}