{"id":154,"date":"2018-09-24T16:32:35","date_gmt":"2018-09-24T14:32:35","guid":{"rendered":"https:\/\/tiger-platform.eu\/?page_id=154"},"modified":"2019-05-29T14:47:01","modified_gmt":"2019-05-29T12:47:01","slug":"ziele","status":"publish","type":"page","link":"https:\/\/tiger-platform.eu\/de\/ueber-tiger\/ziele\/","title":{"rendered":"Ziele"},"content":{"rendered":"","protected":false},"excerpt":{"rendered":"<p>Mehrere invasive Stechm\u00fcckenarten lassen sich gegenw\u00e4rtig in der Oberrheinregion nieder. Die bedeutendste unter ihnen, die Asiatische Tigerm\u00fccke (Aedes albopictus), gilt als \u00dcbertr\u00e4ger des Dengue-, Chikungunya- und Zika-Virus und wird bereits seit einigen Jahren \u00fcberwacht. Bisher war diese entomologische \u00dcberwachung innerhalb der L\u00e4nder unabh\u00e4ngig organisiert &#8211; ohne Koordination zwischen den drei L\u00e4ndern, sowohl f\u00fcr die \u00dcberwachung als auch f\u00fcr Ma\u00dfnahmen im Krisenfall. Dies ist das Ziel, das im Rahmen von TIGER &#8230;<\/p>\n","protected":false},"author":1,"featured_media":0,"parent":139,"menu_order":0,"comment_status":"closed","ping_status":"closed","template":"page-contentblocks.php","meta":[],"yoast_head":"<!-- This site is optimized with the Yoast SEO plugin v15.4 - https:\/\/yoast.com\/wordpress\/plugins\/seo\/ -->\n<title>Ziele des TIGER Projekts - TIGER<\/title>\n<meta name=\"description\" content=\"TIGER dient der Unterst\u00fctzung der Institutionen, die sich mit gesundheitlichen Risiken der Asiatischen Tigerm\u00fccke befassen.\" \/>\n<meta name=\"robots\" content=\"index, follow, max-snippet:-1, max-image-preview:large, max-video-preview:-1\" \/>\n<link rel=\"canonical\" href=\"https:\/\/tiger-platform.eu\/de\/ueber-tiger\/ziele\/\" \/>\n<meta property=\"og:locale\" content=\"de_DE\" \/>\n<meta property=\"og:type\" content=\"article\" \/>\n<meta property=\"og:title\" content=\"Ziele des TIGER Projekts - TIGER\" \/>\n<meta property=\"og:description\" content=\"TIGER dient der Unterst\u00fctzung der Institutionen, die sich mit gesundheitlichen Risiken der Asiatischen Tigerm\u00fccke befassen.\" \/>\n<meta property=\"og:url\" content=\"https:\/\/tiger-platform.eu\/de\/ueber-tiger\/ziele\/\" \/>\n<meta property=\"og:site_name\" content=\"TIGER\" \/>\n<meta property=\"article:modified_time\" content=\"2019-05-29T12:47:01+00:00\" \/>\n<meta name=\"twitter:card\" content=\"summary_large_image\" \/>\n<meta name=\"twitter:label1\" content=\"Written by\">\n\t<meta name=\"twitter:data1\" content=\"tiger_admin\">\n<script type=\"application\/ld+json\" class=\"yoast-schema-graph\">{\"@context\":\"https:\/\/schema.org\",\"@graph\":[{\"@type\":\"WebSite\",\"@id\":\"https:\/\/tiger-platform.eu\/#website\",\"url\":\"https:\/\/tiger-platform.eu\/\",\"name\":\"TIGER\",\"description\":\"Informationsplattform \\u00fcber die Asiatische Tigerm\\u00fccke in der Oberrheinregion\",\"potentialAction\":[{\"@type\":\"SearchAction\",\"target\":\"https:\/\/tiger-platform.eu\/?s={search_term_string}\",\"query-input\":\"required name=search_term_string\"}],\"inLanguage\":\"de-DE\"},{\"@type\":\"WebPage\",\"@id\":\"https:\/\/tiger-platform.eu\/de\/ueber-tiger\/ziele\/#webpage\",\"url\":\"https:\/\/tiger-platform.eu\/de\/ueber-tiger\/ziele\/\",\"name\":\"Ziele des TIGER Projekts - TIGER\",\"isPartOf\":{\"@id\":\"https:\/\/tiger-platform.eu\/#website\"},\"datePublished\":\"2018-09-24T14:32:35+00:00\",\"dateModified\":\"2019-05-29T12:47:01+00:00\",\"description\":\"TIGER dient der Unterst\\u00fctzung der Institutionen, die sich mit gesundheitlichen Risiken der Asiatischen Tigerm\\u00fccke befassen.\",\"inLanguage\":\"de-DE\",\"potentialAction\":[{\"@type\":\"ReadAction\",\"target\":[\"https:\/\/tiger-platform.eu\/de\/ueber-tiger\/ziele\/\"]}]}]}<\/script>\n<!-- \/ Yoast SEO plugin. -->","_links":{"self":[{"href":"https:\/\/tiger-platform.eu\/de\/wp-json\/wp\/v2\/pages\/154"}],"collection":[{"href":"https:\/\/tiger-platform.eu\/de\/wp-json\/wp\/v2\/pages"}],"about":[{"href":"https:\/\/tiger-platform.eu\/de\/wp-json\/wp\/v2\/types\/page"}],"author":[{"embeddable":true,"href":"https:\/\/tiger-platform.eu\/de\/wp-json\/wp\/v2\/users\/1"}],"replies":[{"embeddable":true,"href":"https:\/\/tiger-platform.eu\/de\/wp-json\/wp\/v2\/comments?post=154"}],"version-history":[{"count":10,"href":"https:\/\/tiger-platform.eu\/de\/wp-json\/wp\/v2\/pages\/154\/revisions"}],"predecessor-version":[{"id":1550,"href":"https:\/\/tiger-platform.eu\/de\/wp-json\/wp\/v2\/pages\/154\/revisions\/1550"}],"up":[{"embeddable":true,"href":"https:\/\/tiger-platform.eu\/de\/wp-json\/wp\/v2\/pages\/139"}],"wp:attachment":[{"href":"https:\/\/tiger-platform.eu\/de\/wp-json\/wp\/v2\/media?parent=154"}],"curies":[{"name":"wp","href":"https:\/\/api.w.org\/{rel}","templated":true}]}}